{"id":3272,"date":"2023-09-01T09:59:37","date_gmt":"2023-09-01T09:59:37","guid":{"rendered":"https:\/\/projectsofar.info\/aisuperior\/?page_id=3272"},"modified":"2023-11-21T10:50:21","modified_gmt":"2023-11-21T10:50:21","slug":"data-strategy","status":"publish","type":"page","link":"https:\/\/staging.aisuperior.com\/de\/services\/data-strategy\/","title":{"rendered":"Daten-Strategie"},"content":{"rendered":"<div data-elementor-type=\"wp-page\" data-elementor-id=\"3272\" class=\"elementor elementor-3272\" data-elementor-post-type=\"page\">\n\t\t\t\t\t\t<section class=\"elementor-section elementor-top-section elementor-element elementor-element-a994b8b elementor-section-height-min-height elementor-section-boxed elementor-section-height-default elementor-section-items-middle\" data-id=\"a994b8b\" data-element_type=\"section\" data-settings=\"{&quot;background_background&quot;:&quot;classic&quot;}\">\n\t\t\t\t\t\t<div class=\"elementor-container elementor-column-gap-default\">\n\t\t\t\t\t<div class=\"elementor-column elementor-col-100 elementor-top-column elementor-element elementor-element-7ff4b91\" data-id=\"7ff4b91\" data-element_type=\"column\">\n\t\t\t<div class=\"elementor-widget-wrap elementor-element-populated\">\n\t\t\t\t\t\t<div class=\"elementor-element elementor-element-7d29c75 elementor-widget elementor-widget-heading\" data-id=\"7d29c75\" data-element_type=\"widget\" data-widget_type=\"heading.default\">\n\t\t\t\t<div class=\"elementor-widget-container\">\n\t\t\t<style>\/*! elementor - v3.19.0 - 29-01-2024 *\/\n.elementor-heading-title{padding:0;margin:0;line-height:1}.elementor-widget-heading .elementor-heading-title[class*=elementor-size-]>a{color:inherit;font-size:inherit;line-height:inherit}.elementor-widget-heading .elementor-heading-title.elementor-size-small{font-size:15px}.elementor-widget-heading .elementor-heading-title.elementor-size-medium{font-size:19px}.elementor-widget-heading .elementor-heading-title.elementor-size-large{font-size:29px}.elementor-widget-heading .elementor-heading-title.elementor-size-xl{font-size:39px}.elementor-widget-heading .elementor-heading-title.elementor-size-xxl{font-size:59px}<\/style><h1 class=\"elementor-heading-title elementor-size-default\">Datenstrategie\n<\/h1>\t\t<\/div>\n\t\t\t\t<\/div>\n\t\t\t\t<div class=\"elementor-element elementor-element-7aa7fee elementor-mobile-align-center elementor-tablet-align-center elementor-widget elementor-widget-button\" data-id=\"7aa7fee\" data-element_type=\"widget\" data-widget_type=\"button.default\">\n\t\t\t\t<div class=\"elementor-widget-container\">\n\t\t\t\t\t<div class=\"elementor-button-wrapper\">\n\t\t\t<a class=\"elementor-button elementor-button-link elementor-size-sm\" href=\"https:\/\/staging.aisuperior.com\/de\/contact\/\">\n\t\t\t\t\t\t<span class=\"elementor-button-content-wrapper\">\n\t\t\t\t\t\t<span class=\"elementor-button-text\">Kontaktiere uns<\/span>\n\t\t<\/span>\n\t\t\t\t\t<\/a>\n\t\t<\/div>\n\t\t\t\t<\/div>\n\t\t\t\t<\/div>\n\t\t\t\t\t<\/div>\n\t\t<\/div>\n\t\t\t\t\t<\/div>\n\t\t<\/section>\n\t\t\t\t<section class=\"elementor-section elementor-top-section elementor-element elementor-element-9cd2c20 elementor-section-full_width elementor-section-content-middle elementor-section-height-default elementor-section-height-default\" data-id=\"9cd2c20\" data-element_type=\"section\">\n\t\t\t\t\t\t<div class=\"elementor-container elementor-column-gap-no\">\n\t\t\t\t\t<div class=\"elementor-column elementor-col-100 elementor-top-column elementor-element elementor-element-abe5563\" data-id=\"abe5563\" data-element_type=\"column\">\n\t\t\t<div class=\"elementor-widget-wrap elementor-element-populated\">\n\t\t\t\t\t\t<section class=\"elementor-section elementor-inner-section elementor-element elementor-element-4679cf4 elementor-section-content-middle elementor-section-boxed elementor-section-height-default elementor-section-height-default\" data-id=\"4679cf4\" data-element_type=\"section\">\n\t\t\t\t\t\t<div class=\"elementor-container elementor-column-gap-default\">\n\t\t\t\t\t<div class=\"elementor-column elementor-col-50 elementor-inner-column elementor-element elementor-element-98b07cc\" data-id=\"98b07cc\" data-element_type=\"column\">\n\t\t\t<div class=\"elementor-widget-wrap elementor-element-populated\">\n\t\t\t\t\t\t<div class=\"elementor-element elementor-element-33bca40 elementor-widget elementor-widget-image\" data-id=\"33bca40\" data-element_type=\"widget\" data-widget_type=\"image.default\">\n\t\t\t\t<div class=\"elementor-widget-container\">\n\t\t\t<style>\/*! elementor - v3.19.0 - 29-01-2024 *\/\n.elementor-widget-image{text-align:center}.elementor-widget-image a{display:inline-block}.elementor-widget-image a img[src$=\".svg\"]{width:48px}.elementor-widget-image img{vertical-align:middle;display:inline-block}<\/style>\t\t\t\t\t\t\t\t\t\t<img fetchpriority=\"high\" decoding=\"async\" width=\"1024\" height=\"1014\" src=\"https:\/\/staging.aisuperior.com\/wp-content\/uploads\/2023\/09\/Group-3453-7.svg\" class=\"attachment-large size-large wp-image-3281\" alt=\"\" \/>\t\t\t\t\t\t\t\t\t\t\t\t\t<\/div>\n\t\t\t\t<\/div>\n\t\t\t\t\t<\/div>\n\t\t<\/div>\n\t\t\t\t<div class=\"elementor-column elementor-col-50 elementor-inner-column elementor-element elementor-element-7f5a48d\" data-id=\"7f5a48d\" data-element_type=\"column\">\n\t\t\t<div class=\"elementor-widget-wrap elementor-element-populated\">\n\t\t\t\t\t\t<div class=\"elementor-element elementor-element-be12d08 elementor-widget elementor-widget-text-editor\" data-id=\"be12d08\" data-element_type=\"widget\" data-widget_type=\"text-editor.default\">\n\t\t\t\t<div class=\"elementor-widget-container\">\n\t\t\t<style>\/*! elementor - v3.19.0 - 29-01-2024 *\/\n.elementor-widget-text-editor.elementor-drop-cap-view-stacked .elementor-drop-cap{background-color:#69727d;color:#fff}.elementor-widget-text-editor.elementor-drop-cap-view-framed .elementor-drop-cap{color:#69727d;border:3px solid;background-color:transparent}.elementor-widget-text-editor:not(.elementor-drop-cap-view-default) .elementor-drop-cap{margin-top:8px}.elementor-widget-text-editor:not(.elementor-drop-cap-view-default) .elementor-drop-cap-letter{width:1em;height:1em}.elementor-widget-text-editor .elementor-drop-cap{float:left;text-align:center;line-height:1;font-size:50px}.elementor-widget-text-editor .elementor-drop-cap-letter{display:inline-block}<\/style>\t\t\t\t<p><a style=\"color: #3d72de;\" href=\"https:\/\/staging.aisuperior.com\/de\/blog\/eight-actionable-ai-tips-for-business-decision-makers\/\">Die richtigen Entscheidungen bei der Entwicklung und Bereitstellung von KI-Produkten treffen<\/a>\u00a0ist entscheidend, wenn Sie in einem schnelllebigen Markt wettbewerbsf\u00e4hig bleiben m\u00f6chten. Wir begleiten Sie durch diesen Prozess und sorgen f\u00fcr umfassende Unterst\u00fctzung. Kurz gesagt ist es unser Ziel, Ihr Unternehmen durch Beratung zu Big Data, Data Science, KI und maschinellem Lernen erfolgreich zu machen.<\/p><p>Unser KI-Berater implementiert Best Practices, findet heraus, wie Sie Ihre vorhandenen Data-Science-L\u00f6sungen anpassen k\u00f6nnen, arbeitet eng mit Ihrem Fachexperten (SME) zusammen und unterst\u00fctzt Sie bei allen datenbezogenen Aktivit\u00e4ten.<\/p>\t\t\t\t\t\t<\/div>\n\t\t\t\t<\/div>\n\t\t\t\t\t<\/div>\n\t\t<\/div>\n\t\t\t\t\t<\/div>\n\t\t<\/section>\n\t\t\t\t\t<\/div>\n\t\t<\/div>\n\t\t\t\t\t<\/div>\n\t\t<\/section>\n\t\t\t\t<section class=\"elementor-section elementor-top-section elementor-element elementor-element-5185d55 elementor-section-boxed elementor-section-height-default elementor-section-height-default\" data-id=\"5185d55\" data-element_type=\"section\">\n\t\t\t\t\t\t<div class=\"elementor-container elementor-column-gap-default\">\n\t\t\t\t\t<div class=\"elementor-column elementor-col-100 elementor-top-column elementor-element elementor-element-3b37e76\" data-id=\"3b37e76\" data-element_type=\"column\">\n\t\t\t<div class=\"elementor-widget-wrap elementor-element-populated\">\n\t\t\t\t\t\t<div class=\"elementor-element elementor-element-c4ed60b elementor-widget elementor-widget-heading\" data-id=\"c4ed60b\" data-element_type=\"widget\" data-widget_type=\"heading.default\">\n\t\t\t\t<div class=\"elementor-widget-container\">\n\t\t\t<h2 class=\"elementor-heading-title elementor-size-default\">Warum w\u00e4hlen Sie unsere <span style=\"color:#4665A4;\">Datenstrategie <\/span> Dienstleistungen?<\/h2>\t\t<\/div>\n\t\t\t\t<\/div>\n\t\t\t\t<section class=\"elementor-section elementor-inner-section elementor-element elementor-element-2e1118f elementor-section-boxed elementor-section-height-default elementor-section-height-default\" data-id=\"2e1118f\" data-element_type=\"section\">\n\t\t\t\t\t\t<div class=\"elementor-container elementor-column-gap-default\">\n\t\t\t\t\t<div class=\"elementor-column elementor-col-50 elementor-inner-column elementor-element elementor-element-d4343c2\" data-id=\"d4343c2\" data-element_type=\"column\">\n\t\t\t<div class=\"elementor-widget-wrap elementor-element-populated\">\n\t\t\t\t\t\t<div class=\"elementor-element elementor-element-0e8dd89 elementor-icon-list--layout-traditional elementor-list-item-link-full_width elementor-widget elementor-widget-icon-list\" data-id=\"0e8dd89\" data-element_type=\"widget\" data-widget_type=\"icon-list.default\">\n\t\t\t\t<div class=\"elementor-widget-container\">\n\t\t\t<link rel=\"stylesheet\" href=\"https:\/\/staging.aisuperior.com\/wp-content\/plugins\/elementor\/assets\/css\/widget-icon-list.min.css\">\t\t<ul class=\"elementor-icon-list-items\">\n\t\t\t\t\t\t\t<li class=\"elementor-icon-list-item\">\n\t\t\t\t\t\t\t\t\t\t\t<span class=\"elementor-icon-list-icon\">\n\t\t\t\t\t\t\t<svg xmlns=\"http:\/\/www.w3.org\/2000\/svg\" width=\"52\" height=\"52\" viewbox=\"0 0 52 52\"><g id=\"Group_3462\" data-name=\"Group 3462\" transform=\"translate(14259 6908.612)\"><g id=\"Group_3461\" data-name=\"Group 3461\"><g id=\"Group_3460\" data-name=\"Group 3460\"><g id=\"Group_3459\" data-name=\"Group 3459\"><g id=\"Group_3458\" data-name=\"Group 3458\"><g id=\"Group_3457\" data-name=\"Group 3457\"><g id=\"Group_3456\" data-name=\"Group 3456\"><g id=\"Group_3455\" data-name=\"Group 3455\"><g id=\"Group_3454\" data-name=\"Group 3454\"><g id=\"Group_3453\" data-name=\"Group 3453\"><g id=\"Group_2413\" data-name=\"Group 2413\" transform=\"translate(-14704 -8337.612)\" opacity=\"0.1\"><rect id=\"Rectangle_481\" data-name=\"Rectangle 481\" width=\"52\" height=\"52\" transform=\"translate(445 1429)\" fill=\"#00c5fe\"><\/rect><\/g><g id=\"star_5_\" data-name=\"star (5)\" transform=\"translate(-14245.482 -6894.628)\"><g id=\"Group_46\" data-name=\"Group 46\" transform=\"translate(0 0)\"><path id=\"Path_2419\" data-name=\"Path 2419\" d=\"M24.965,18.748l-9.071-.6L12.477,9.569,9.061,18.151,0,18.748l6.95,5.9L4.669,33.6l7.808-4.936L20.286,33.6l-2.281-8.952Z\" transform=\"translate(0 -9.569)\" fill=\"#00c5fe\"><\/path><\/g><\/g><\/g><\/g><\/g><\/g><\/g><\/g><\/g><\/g><\/g><\/g><\/svg>\t\t\t\t\t\t<\/span>\n\t\t\t\t\t\t\t\t\t\t<span class=\"elementor-icon-list-text\">Sie m\u00f6chten das Potenzial Ihrer Daten verstehen<\/span>\n\t\t\t\t\t\t\t\t\t<\/li>\n\t\t\t\t\t\t\t\t<li class=\"elementor-icon-list-item\">\n\t\t\t\t\t\t\t\t\t\t\t<span class=\"elementor-icon-list-icon\">\n\t\t\t\t\t\t\t<svg xmlns=\"http:\/\/www.w3.org\/2000\/svg\" width=\"52\" height=\"52\" viewbox=\"0 0 52 52\"><g id=\"Group_3462\" data-name=\"Group 3462\" transform=\"translate(14259 6908.612)\"><g id=\"Group_3461\" data-name=\"Group 3461\"><g id=\"Group_3460\" data-name=\"Group 3460\"><g id=\"Group_3459\" data-name=\"Group 3459\"><g id=\"Group_3458\" data-name=\"Group 3458\"><g id=\"Group_3457\" data-name=\"Group 3457\"><g id=\"Group_3456\" data-name=\"Group 3456\"><g id=\"Group_3455\" data-name=\"Group 3455\"><g id=\"Group_3454\" data-name=\"Group 3454\"><g id=\"Group_3453\" data-name=\"Group 3453\"><g id=\"Group_2413\" data-name=\"Group 2413\" transform=\"translate(-14704 -8337.612)\" opacity=\"0.1\"><rect id=\"Rectangle_481\" data-name=\"Rectangle 481\" width=\"52\" height=\"52\" transform=\"translate(445 1429)\" fill=\"#00c5fe\"><\/rect><\/g><g id=\"star_5_\" data-name=\"star (5)\" transform=\"translate(-14245.482 -6894.628)\"><g id=\"Group_46\" data-name=\"Group 46\" transform=\"translate(0 0)\"><path id=\"Path_2419\" data-name=\"Path 2419\" d=\"M24.965,18.748l-9.071-.6L12.477,9.569,9.061,18.151,0,18.748l6.95,5.9L4.669,33.6l7.808-4.936L20.286,33.6l-2.281-8.952Z\" transform=\"translate(0 -9.569)\" fill=\"#00c5fe\"><\/path><\/g><\/g><\/g><\/g><\/g><\/g><\/g><\/g><\/g><\/g><\/g><\/g><\/svg>\t\t\t\t\t\t<\/span>\n\t\t\t\t\t\t\t\t\t\t<span class=\"elementor-icon-list-text\">Sie haben problematische Datenquellen (verrauschte oder unvollst\u00e4ndige Daten, ungenaue vorhandene Modelle)<\/span>\n\t\t\t\t\t\t\t\t\t<\/li>\n\t\t\t\t\t\t<\/ul>\n\t\t\t\t<\/div>\n\t\t\t\t<\/div>\n\t\t\t\t\t<\/div>\n\t\t<\/div>\n\t\t\t\t<div class=\"elementor-column elementor-col-50 elementor-inner-column elementor-element elementor-element-4d604fa\" data-id=\"4d604fa\" data-element_type=\"column\">\n\t\t\t<div class=\"elementor-widget-wrap elementor-element-populated\">\n\t\t\t\t\t\t<div class=\"elementor-element elementor-element-f431c08 elementor-icon-list--layout-traditional elementor-list-item-link-full_width elementor-widget elementor-widget-icon-list\" data-id=\"f431c08\" data-element_type=\"widget\" data-widget_type=\"icon-list.default\">\n\t\t\t\t<div class=\"elementor-widget-container\">\n\t\t\t\t\t<ul class=\"elementor-icon-list-items\">\n\t\t\t\t\t\t\t<li class=\"elementor-icon-list-item\">\n\t\t\t\t\t\t\t\t\t\t\t<span class=\"elementor-icon-list-icon\">\n\t\t\t\t\t\t\t<svg xmlns=\"http:\/\/www.w3.org\/2000\/svg\" width=\"52\" height=\"52\" viewbox=\"0 0 52 52\"><g id=\"Group_3462\" data-name=\"Group 3462\" transform=\"translate(14259 6908.612)\"><g id=\"Group_3461\" data-name=\"Group 3461\"><g id=\"Group_3460\" data-name=\"Group 3460\"><g id=\"Group_3459\" data-name=\"Group 3459\"><g id=\"Group_3458\" data-name=\"Group 3458\"><g id=\"Group_3457\" data-name=\"Group 3457\"><g id=\"Group_3456\" data-name=\"Group 3456\"><g id=\"Group_3455\" data-name=\"Group 3455\"><g id=\"Group_3454\" data-name=\"Group 3454\"><g id=\"Group_3453\" data-name=\"Group 3453\"><g id=\"Group_2413\" data-name=\"Group 2413\" transform=\"translate(-14704 -8337.612)\" opacity=\"0.1\"><rect id=\"Rectangle_481\" data-name=\"Rectangle 481\" width=\"52\" height=\"52\" transform=\"translate(445 1429)\" fill=\"#00c5fe\"><\/rect><\/g><g id=\"star_5_\" data-name=\"star (5)\" transform=\"translate(-14245.482 -6894.628)\"><g id=\"Group_46\" data-name=\"Group 46\" transform=\"translate(0 0)\"><path id=\"Path_2419\" data-name=\"Path 2419\" d=\"M24.965,18.748l-9.071-.6L12.477,9.569,9.061,18.151,0,18.748l6.95,5.9L4.669,33.6l7.808-4.936L20.286,33.6l-2.281-8.952Z\" transform=\"translate(0 -9.569)\" fill=\"#00c5fe\"><\/path><\/g><\/g><\/g><\/g><\/g><\/g><\/g><\/g><\/g><\/g><\/g><\/g><\/svg>\t\t\t\t\t\t<\/span>\n\t\t\t\t\t\t\t\t\t\t<span class=\"elementor-icon-list-text\">Ihnen mangelt es an Erfahrung und Ressourcen im Bereich Daten<\/span>\n\t\t\t\t\t\t\t\t\t<\/li>\n\t\t\t\t\t\t\t\t<li class=\"elementor-icon-list-item\">\n\t\t\t\t\t\t\t\t\t\t\t<span class=\"elementor-icon-list-icon\">\n\t\t\t\t\t\t\t<svg xmlns=\"http:\/\/www.w3.org\/2000\/svg\" width=\"52\" height=\"52\" viewbox=\"0 0 52 52\"><g id=\"Group_3462\" data-name=\"Group 3462\" transform=\"translate(14259 6908.612)\"><g id=\"Group_3461\" data-name=\"Group 3461\"><g id=\"Group_3460\" data-name=\"Group 3460\"><g id=\"Group_3459\" data-name=\"Group 3459\"><g id=\"Group_3458\" data-name=\"Group 3458\"><g id=\"Group_3457\" data-name=\"Group 3457\"><g id=\"Group_3456\" data-name=\"Group 3456\"><g id=\"Group_3455\" data-name=\"Group 3455\"><g id=\"Group_3454\" data-name=\"Group 3454\"><g id=\"Group_3453\" data-name=\"Group 3453\"><g id=\"Group_2413\" data-name=\"Group 2413\" transform=\"translate(-14704 -8337.612)\" opacity=\"0.1\"><rect id=\"Rectangle_481\" data-name=\"Rectangle 481\" width=\"52\" height=\"52\" transform=\"translate(445 1429)\" fill=\"#00c5fe\"><\/rect><\/g><g id=\"star_5_\" data-name=\"star (5)\" transform=\"translate(-14245.482 -6894.628)\"><g id=\"Group_46\" data-name=\"Group 46\" transform=\"translate(0 0)\"><path id=\"Path_2419\" data-name=\"Path 2419\" d=\"M24.965,18.748l-9.071-.6L12.477,9.569,9.061,18.151,0,18.748l6.95,5.9L4.669,33.6l7.808-4.936L20.286,33.6l-2.281-8.952Z\" transform=\"translate(0 -9.569)\" fill=\"#00c5fe\"><\/path><\/g><\/g><\/g><\/g><\/g><\/g><\/g><\/g><\/g><\/g><\/g><\/g><\/svg>\t\t\t\t\t\t<\/span>\n\t\t\t\t\t\t\t\t\t\t<span class=\"elementor-icon-list-text\">Sie ben\u00f6tigen kontinuierliche Unterst\u00fctzung und Weiterentwicklung Ihrer bestehenden Analysen<\/span>\n\t\t\t\t\t\t\t\t\t<\/li>\n\t\t\t\t\t\t<\/ul>\n\t\t\t\t<\/div>\n\t\t\t\t<\/div>\n\t\t\t\t\t<\/div>\n\t\t<\/div>\n\t\t\t\t\t<\/div>\n\t\t<\/section>\n\t\t\t\t\t<\/div>\n\t\t<\/div>\n\t\t\t\t\t<\/div>\n\t\t<\/section>\n\t\t\t\t<\/div>","protected":false},"excerpt":{"rendered":"<p>Datenstrategie Kontaktieren Sie uns Die richtigen Entscheidungen bei der Entwicklung und Bereitstellung von KI-Produkten sind entscheidend, um in einem schnelllebigen Markt wettbewerbsf\u00e4hig zu bleiben. Wir begleiten Sie durch diesen Prozess und gew\u00e4hrleisten umfassende Unterst\u00fctzung. Kurz gesagt: Unser Ziel ist es, Ihr Unternehmen erfolgreich zu machen, indem wir Big Data, Data Science, KI und maschinelles Lernen bereitstellen.<\/p>","protected":false},"author":2,"featured_media":0,"parent":13012,"menu_order":0,"comment_status":"closed","ping_status":"closed","template":"elementor_header_footer","meta":{"inline_featured_image":false,"site-sidebar-layout":"no-sidebar","site-content-layout":"page-builder","ast-site-content-layout":"full-width-container","site-content-style":"default","site-sidebar-style":"default","ast-global-header-display":"","ast-banner-title-visibility":"","ast-main-header-display":"","ast-hfb-above-header-display":"","ast-hfb-below-header-display":"","ast-hfb-mobile-header-display":"","site-post-title":"disabled","ast-breadcrumbs-content":"","ast-featured-img":"disabled","footer-sml-layout":"","theme-transparent-header-meta":"default","adv-header-id-meta":"","stick-header-meta":"","header-above-stick-meta":"","header-main-stick-meta":"","header-below-stick-meta":"","astra-migrate-meta-layouts":"set","ast-page-background-enabled":"default","ast-page-background-meta":{"desktop":{"background-color":"var(--ast-global-color-4)","background-image":"","background-repeat":"repeat","background-position":"center center","background-size":"auto","background-attachment":"scroll","background-type":"","background-media":"","overlay-type":"","overlay-color":"","overlay-gradient":""},"tablet":{"background-color":"","background-image":"","background-repeat":"repeat","background-position":"center center","background-size":"auto","background-attachment":"scroll","background-type":"","background-media":"","overlay-type":"","overlay-color":"","overlay-gradient":""},"mobile":{"background-color":"","background-image":"","background-repeat":"repeat","background-position":"center center","background-size":"auto","background-attachment":"scroll","background-type":"","background-media":"","overlay-type":"","overlay-color":"","overlay-gradient":""}},"ast-content-background-meta":{"desktop":{"background-color":"var(--ast-global-color-5)","background-image":"","background-repeat":"repeat","background-position":"center center","background-size":"auto","background-attachment":"scroll","background-type":"","background-media":"","overlay-type":"","overlay-color":"","overlay-gradient":""},"tablet":{"background-color":"var(--ast-global-color-5)","background-image":"","background-repeat":"repeat","background-position":"center center","background-size":"auto","background-attachment":"scroll","background-type":"","background-media":"","overlay-type":"","overlay-color":"","overlay-gradient":""},"mobile":{"background-color":"var(--ast-global-color-5)","background-image":"","background-repeat":"repeat","background-position":"center center","background-size":"auto","background-attachment":"scroll","background-type":"","background-media":"","overlay-type":"","overlay-color":"","overlay-gradient":""}},"footnotes":""},"acf":[],"yoast_head":"<!-- This site is optimized with the Yoast SEO plugin v21.9.1 - https:\/\/yoast.com\/wordpress\/plugins\/seo\/ -->\n<title>Data Strategy | Ai Superior<\/title>\n<meta name=\"description\" content=\"Unlock your data&#039;s potential. Our team will help you create a long-term plan, integrating technology and processes, to optimize data management\" \/>\n<meta name=\"robots\" content=\"noindex, follow, max-snippet:-1, max-image-preview:large, max-video-preview:-1\" \/>\n<meta property=\"og:locale\" content=\"de_DE\" \/>\n<meta property=\"og:type\" content=\"article\" \/>\n<meta property=\"og:title\" content=\"Data Strategy | Ai Superior\" \/>\n<meta property=\"og:description\" content=\"Unlock your data&#039;s potential. Our team will help you create a long-term plan, integrating technology and processes, to optimize data management\" \/>\n<meta property=\"og:url\" content=\"https:\/\/staging.aisuperior.com\/de\/services\/data-strategy\/\" \/>\n<meta property=\"og:site_name\" content=\"aisuperior\" \/>\n<meta property=\"article:modified_time\" content=\"2023-11-21T10:50:21+00:00\" \/>\n<meta property=\"og:image\" content=\"https:\/\/staging.aisuperior.com\/wp-content\/uploads\/2023\/09\/Group-3453-7.svg\" \/>\n<meta name=\"twitter:card\" content=\"summary_large_image\" \/>\n<meta name=\"twitter:label1\" content=\"Gesch\u00e4tzte Lesezeit\" \/>\n\t<meta name=\"twitter:data1\" content=\"1\u00a0Minute\" \/>\n<script type=\"application\/ld+json\" class=\"yoast-schema-graph\">{\"@context\":\"https:\/\/schema.org\",\"@graph\":[{\"@type\":\"WebPage\",\"@id\":\"https:\/\/staging.aisuperior.com\/services\/data-strategy\/\",\"url\":\"https:\/\/staging.aisuperior.com\/services\/data-strategy\/\",\"name\":\"Data Strategy | Ai Superior\",\"isPartOf\":{\"@id\":\"https:\/\/staging.aisuperior.com\/#website\"},\"datePublished\":\"2023-09-01T09:59:37+00:00\",\"dateModified\":\"2023-11-21T10:50:21+00:00\",\"description\":\"Unlock your data's potential. Our team will help you create a long-term plan, integrating technology and processes, to optimize data management\",\"breadcrumb\":{\"@id\":\"https:\/\/staging.aisuperior.com\/services\/data-strategy\/#breadcrumb\"},\"inLanguage\":\"de\",\"potentialAction\":[{\"@type\":\"ReadAction\",\"target\":[\"https:\/\/staging.aisuperior.com\/services\/data-strategy\/\"]}]},{\"@type\":\"BreadcrumbList\",\"@id\":\"https:\/\/staging.aisuperior.com\/services\/data-strategy\/#breadcrumb\",\"itemListElement\":[{\"@type\":\"ListItem\",\"position\":1,\"name\":\"Home\",\"item\":\"https:\/\/staging.aisuperior.com\/\"},{\"@type\":\"ListItem\",\"position\":2,\"name\":\"Services\",\"item\":\"https:\/\/staging.aisuperior.com\/services\/\"},{\"@type\":\"ListItem\",\"position\":3,\"name\":\"Data-Strategy\"}]},{\"@type\":\"WebSite\",\"@id\":\"https:\/\/staging.aisuperior.com\/#website\",\"url\":\"https:\/\/staging.aisuperior.com\/\",\"name\":\"aisuperior\",\"description\":\"\",\"potentialAction\":[{\"@type\":\"SearchAction\",\"target\":{\"@type\":\"EntryPoint\",\"urlTemplate\":\"https:\/\/staging.aisuperior.com\/?s={search_term_string}\"},\"query-input\":\"required name=search_term_string\"}],\"inLanguage\":\"de\"}]}<\/script>\n<!-- \/ Yoast SEO plugin. -->","yoast_head_json":{"title":"Data Strategy | Ai Superior","description":"Unlock your data's potential. Our team will help you create a long-term plan, integrating technology and processes, to optimize data management","robots":{"index":"noindex","follow":"follow","max-snippet":"max-snippet:-1","max-image-preview":"max-image-preview:large","max-video-preview":"max-video-preview:-1"},"og_locale":"de_DE","og_type":"article","og_title":"Data Strategy | Ai Superior","og_description":"Unlock your data's potential. Our team will help you create a long-term plan, integrating technology and processes, to optimize data management","og_url":"https:\/\/staging.aisuperior.com\/de\/services\/data-strategy\/","og_site_name":"aisuperior","article_modified_time":"2023-11-21T10:50:21+00:00","og_image":[{"url":"https:\/\/staging.aisuperior.com\/wp-content\/uploads\/2023\/09\/Group-3453-7.svg"}],"twitter_card":"summary_large_image","twitter_misc":{"Gesch\u00e4tzte Lesezeit":"1\u00a0Minute"},"schema":{"@context":"https:\/\/schema.org","@graph":[{"@type":"WebPage","@id":"https:\/\/staging.aisuperior.com\/services\/data-strategy\/","url":"https:\/\/staging.aisuperior.com\/services\/data-strategy\/","name":"Data Strategy | Ai Superior","isPartOf":{"@id":"https:\/\/staging.aisuperior.com\/#website"},"datePublished":"2023-09-01T09:59:37+00:00","dateModified":"2023-11-21T10:50:21+00:00","description":"Unlock your data's potential. Our team will help you create a long-term plan, integrating technology and processes, to optimize data management","breadcrumb":{"@id":"https:\/\/staging.aisuperior.com\/services\/data-strategy\/#breadcrumb"},"inLanguage":"de","potentialAction":[{"@type":"ReadAction","target":["https:\/\/staging.aisuperior.com\/services\/data-strategy\/"]}]},{"@type":"BreadcrumbList","@id":"https:\/\/staging.aisuperior.com\/services\/data-strategy\/#breadcrumb","itemListElement":[{"@type":"ListItem","position":1,"name":"Home","item":"https:\/\/staging.aisuperior.com\/"},{"@type":"ListItem","position":2,"name":"Services","item":"https:\/\/staging.aisuperior.com\/services\/"},{"@type":"ListItem","position":3,"name":"Data-Strategy"}]},{"@type":"WebSite","@id":"https:\/\/staging.aisuperior.com\/#website","url":"https:\/\/staging.aisuperior.com\/","name":"aisuperior","description":"","potentialAction":[{"@type":"SearchAction","target":{"@type":"EntryPoint","urlTemplate":"https:\/\/staging.aisuperior.com\/?s={search_term_string}"},"query-input":"required name=search_term_string"}],"inLanguage":"de"}]}},"_links":{"self":[{"href":"https:\/\/staging.aisuperior.com\/de\/wp-json\/wp\/v2\/pages\/3272"}],"collection":[{"href":"https:\/\/staging.aisuperior.com\/de\/wp-json\/wp\/v2\/pages"}],"about":[{"href":"https:\/\/staging.aisuperior.com\/de\/wp-json\/wp\/v2\/types\/page"}],"author":[{"embeddable":true,"href":"https:\/\/staging.aisuperior.com\/de\/wp-json\/wp\/v2\/users\/2"}],"replies":[{"embeddable":true,"href":"https:\/\/staging.aisuperior.com\/de\/wp-json\/wp\/v2\/comments?post=3272"}],"version-history":[{"count":0,"href":"https:\/\/staging.aisuperior.com\/de\/wp-json\/wp\/v2\/pages\/3272\/revisions"}],"up":[{"embeddable":true,"href":"https:\/\/staging.aisuperior.com\/de\/wp-json\/wp\/v2\/pages\/13012"}],"wp:attachment":[{"href":"https:\/\/staging.aisuperior.com\/de\/wp-json\/wp\/v2\/media?parent=3272"}],"curies":[{"name":"wp","href":"https:\/\/api.w.org\/{rel}","templated":true}]}}