{"id":3,"date":"2023-08-18T04:36:35","date_gmt":"2023-08-18T04:36:35","guid":{"rendered":"https:\/\/projectsofar.info\/aisuperior\/?page_id=3"},"modified":"2023-12-05T14:56:13","modified_gmt":"2023-12-05T14:56:13","slug":"privacy-policy","status":"publish","type":"page","link":"https:\/\/staging.aisuperior.com\/de\/privacy-policy\/","title":{"rendered":"Datenschutzrichtlinie"},"content":{"rendered":"<div data-elementor-type=\"wp-page\" data-elementor-id=\"3\" class=\"elementor elementor-3\" data-elementor-post-type=\"page\">\n\t\t\t\t\t\t<section class=\"elementor-section elementor-top-section elementor-element elementor-element-87935ac elementor-section-boxed elementor-section-height-default elementor-section-height-default\" data-id=\"87935ac\" data-element_type=\"section\" data-settings=\"{&quot;background_background&quot;:&quot;classic&quot;}\">\n\t\t\t\t\t\t<div class=\"elementor-container elementor-column-gap-default\">\n\t\t\t\t\t<div class=\"elementor-column elementor-col-100 elementor-top-column elementor-element elementor-element-6402d4a\" data-id=\"6402d4a\" data-element_type=\"column\">\n\t\t\t<div class=\"elementor-widget-wrap elementor-element-populated\">\n\t\t\t\t\t\t<div class=\"elementor-element elementor-element-ca135e5 elementor-widget elementor-widget-heading\" data-id=\"ca135e5\" data-element_type=\"widget\" data-widget_type=\"heading.default\">\n\t\t\t\t<div class=\"elementor-widget-container\">\n\t\t\t<style>\/*! elementor - v3.19.0 - 29-01-2024 *\/\n.elementor-heading-title{padding:0;margin:0;line-height:1}.elementor-widget-heading .elementor-heading-title[class*=elementor-size-]>a{color:inherit;font-size:inherit;line-height:inherit}.elementor-widget-heading .elementor-heading-title.elementor-size-small{font-size:15px}.elementor-widget-heading .elementor-heading-title.elementor-size-medium{font-size:19px}.elementor-widget-heading .elementor-heading-title.elementor-size-large{font-size:29px}.elementor-widget-heading .elementor-heading-title.elementor-size-xl{font-size:39px}.elementor-widget-heading .elementor-heading-title.elementor-size-xxl{font-size:59px}<\/style><h1 class=\"elementor-heading-title elementor-size-default\">Datenschutzrichtlinie<\/h1>\t\t<\/div>\n\t\t\t\t<\/div>\n\t\t\t\t\t<\/div>\n\t\t<\/div>\n\t\t\t\t\t<\/div>\n\t\t<\/section>\n\t\t\t\t<section class=\"elementor-section elementor-top-section elementor-element elementor-element-4abaa43e elementor-section-boxed elementor-section-height-default elementor-section-height-default\" data-id=\"4abaa43e\" data-element_type=\"section\">\n\t\t\t\t\t\t<div class=\"elementor-container elementor-column-gap-default\">\n\t\t\t\t\t<div class=\"elementor-column elementor-col-100 elementor-top-column elementor-element elementor-element-3de1eb2a\" data-id=\"3de1eb2a\" data-element_type=\"column\">\n\t\t\t<div class=\"elementor-widget-wrap elementor-element-populated\">\n\t\t\t\t\t\t<div class=\"elementor-element elementor-element-757c5096 privacy-policy-content elementor-widget elementor-widget-text-editor\" data-id=\"757c5096\" data-element_type=\"widget\" data-widget_type=\"text-editor.default\">\n\t\t\t\t<div class=\"elementor-widget-container\">\n\t\t\t<style>\/*! elementor - v3.19.0 - 29-01-2024 *\/\n.elementor-widget-text-editor.elementor-drop-cap-view-stacked .elementor-drop-cap{background-color:#69727d;color:#fff}.elementor-widget-text-editor.elementor-drop-cap-view-framed .elementor-drop-cap{color:#69727d;border:3px solid;background-color:transparent}.elementor-widget-text-editor:not(.elementor-drop-cap-view-default) .elementor-drop-cap{margin-top:8px}.elementor-widget-text-editor:not(.elementor-drop-cap-view-default) .elementor-drop-cap-letter{width:1em;height:1em}.elementor-widget-text-editor .elementor-drop-cap{float:left;text-align:center;line-height:1;font-size:50px}.elementor-widget-text-editor .elementor-drop-cap-letter{display:inline-block}<\/style>\t\t\t\t<div class=\"fl-module fl-module-heading fl-node-60c9da22eae4d fl-animation fl-fade-in fl-animated\" data-node=\"60c9da22eae4d\" data-animation-delay=\"0\" data-animation-duration=\"1\">\n<div class=\"fl-module-content fl-node-content\">\n<h2 class=\"fl-heading\"><span class=\"fl-heading-text\"><\/span><\/h2>\n<\/div>\n<\/div>\n<div class=\"fl-module fl-module-rich-text fl-node-60c9d9e5a8947 fl-animation fl-fade-in fl-animated\" data-node=\"60c9d9e5a8947\" data-animation-delay=\"0\" data-animation-duration=\"1\">\n<div class=\"fl-module-content fl-node-content\">\n<div class=\"fl-rich-text\">\n<p>Diese Datenschutzerkl\u00e4rung gilt f\u00fcr das Online-Angebot der AI Superior GmbH, das unter staging.aisuperior.com erreichbar ist (nachfolgend \u201ediese Website\u201c genannt). Auf dieser Website ist die Privatsph\u00e4re unserer Besucher eine unserer Hauptpriorit\u00e4ten. Dieses Datenschutzdokument enth\u00e4lt Arten von Informationen, die von dieser Website gesammelt und aufgezeichnet werden, und wie wir sie verwenden. Wenn Sie weitere Fragen haben oder weitere Informationen zu unserer Datenschutzrichtlinie ben\u00f6tigen, z\u00f6gern Sie nicht, uns zu kontaktieren.<\/p><p><br><\/p>\n<\/div>\n<\/div>\n<\/div>\n<div class=\"fl-module fl-module-heading fl-node-60c9da47a8193 fl-animation fl-fade-in fl-animated\" data-node=\"60c9da47a8193\" data-animation-delay=\"0\" data-animation-duration=\"1\">\n<div class=\"fl-module-content fl-node-content\">\n<h2 class=\"fl-heading\"><span class=\"fl-heading-text\">Protokolldateien<\/span><\/h2>\n<\/div>\n<\/div>\n<div class=\"fl-module fl-module-rich-text fl-node-60c9da5498da0 fl-animation fl-fade-in fl-animated\" data-node=\"60c9da5498da0\" data-animation-delay=\"0\" data-animation-duration=\"1\">\n<div class=\"fl-module-content fl-node-content\">\n<div class=\"fl-rich-text\">\n<p>Diese Website folgt einem Standardverfahren zur Verwendung von Protokolldateien. Diese Dateien protokollieren Besucher, wenn sie Websites besuchen. Alle Hosting-Unternehmen tun dies und es ist Teil der Analyse der Hosting-Dienste. Die von den Protokolldateien gesammelten Informationen umfassen Internetprotokoll- (IP-)Adressen, Browsertyp, Internetdienstanbieter (ISP), Datums- und Zeitstempel, Verweis-\/Ausstiegsseiten und m\u00f6glicherweise die Anzahl der Klicks. Diese sind nicht mit pers\u00f6nlich identifizierbaren Informationen verkn\u00fcpft. Der Zweck der Informationen besteht darin, Trends zu analysieren, die Website zu verwalten, die Bewegungen der Benutzer auf der Website zu verfolgen und demografische Informationen zu sammeln.<\/p>\n<\/div>\n<\/div>\n<\/div>\n<div class=\"fl-module fl-module-heading fl-node-60c9da6242181 fl-animation fl-fade-in fl-animated\" data-node=\"60c9da6242181\" data-animation-delay=\"0\" data-animation-duration=\"1\">\n<div class=\"fl-module-content fl-node-content\">\n<h2 class=\"fl-heading\"><span class=\"fl-heading-text\">Cookies und Web Beacons<\/span><\/h2>\n<\/div>\n<\/div>\n<div class=\"fl-module fl-module-rich-text fl-node-60c9da6bc7bf2 fl-animation fl-fade-in fl-animated\" data-node=\"60c9da6bc7bf2\" data-animation-delay=\"0\" data-animation-duration=\"1\">\n<div class=\"fl-module-content fl-node-content\">\n<div class=\"fl-rich-text\">\n<p>Wie jede andere Website verwendet auch diese Website \u201eCookies\u201c. Diese Cookies werden verwendet, um Informationen zu speichern, darunter die Pr\u00e4ferenzen der Besucher und die Seiten auf der Website, auf die der Besucher zugegriffen oder die er besucht hat. Die Informationen werden verwendet, um das Benutzererlebnis zu optimieren, indem der Inhalt unserer Webseite basierend auf dem Browsertyp des Besuchers und\/oder anderen Informationen angepasst wird.<\/p>\n<\/div>\n<\/div>\n<\/div>\n<div class=\"fl-module fl-module-heading fl-node-60c9da7a1530f fl-animation fl-fade-in fl-animated\" data-node=\"60c9da7a1530f\" data-animation-delay=\"0\" data-animation-duration=\"1\">\n<div class=\"fl-module-content fl-node-content\">\n<h2 class=\"fl-heading\"><span class=\"fl-heading-text\">Werbetreibende Dritter<\/span><\/h2>\n<\/div>\n<\/div>\n<div class=\"fl-module fl-module-rich-text fl-node-60c9da833311b fl-animation fl-fade-in fl-animated\" data-node=\"60c9da833311b\" data-animation-delay=\"0\" data-animation-duration=\"1\">\n<div class=\"fl-module-content fl-node-content\">\n<div class=\"fl-rich-text\">\n<p>Werbeserver oder Werbenetzwerke von Drittanbietern verwenden Technologien wie Cookies, JavaScript oder Web Beacons, die in ihren jeweiligen Anzeigen und Links verwendet werden, die auf dieser Website erscheinen und direkt an den Browser der Benutzer gesendet werden. In diesem Fall erhalten sie automatisch Ihre IP-Adresse. Diese Technologien werden verwendet, um die Wirksamkeit ihrer Werbekampagnen zu messen und\/oder den Werbeinhalt zu personalisieren, den Sie auf den von Ihnen besuchten Websites sehen. Beachten Sie, dass diese Website keinen Zugriff auf diese Cookies hat oder diese kontrolliert, die von Drittanbietern verwendet werden.<\/p>\n<\/div>\n<\/div>\n<\/div>\n<div class=\"fl-module fl-module-heading fl-node-60c9da8c8a67a fl-animation fl-fade-in fl-animated\" data-node=\"60c9da8c8a67a\" data-animation-delay=\"0\" data-animation-duration=\"1\">\n<div class=\"fl-module-content fl-node-content\">\n<h2 class=\"fl-heading\"><span class=\"fl-heading-text\">Datenschutzrichtlinien von Drittanbietern<\/span><\/h2>\n<\/div>\n<\/div>\n<div class=\"fl-module fl-module-rich-text fl-node-60c9da956fd5b fl-animation fl-fade-in fl-animated\" data-node=\"60c9da956fd5b\" data-animation-delay=\"0\" data-animation-duration=\"1\">\n<div class=\"fl-module-content fl-node-content\">\n<div class=\"fl-rich-text\">\n<p>Die Datenschutzrichtlinie dieser Website gilt nicht f\u00fcr andere Werbetreibende oder Websites. Daher empfehlen wir Ihnen, die jeweiligen Datenschutzrichtlinien dieser Adserver von Drittanbietern zu konsultieren, um detailliertere Informationen zu erhalten. Sie k\u00f6nnen ihre Vorgehensweisen und Anweisungen zum Deaktivieren bestimmter Optionen enthalten. Eine vollst\u00e4ndige Liste dieser Datenschutzrichtlinien und ihrer Links finden Sie hier. Sie k\u00f6nnen Cookies \u00fcber Ihre individuellen Browsereinstellungen deaktivieren. Weitere Informationen zum Cookie-Management mit bestimmten Webbrowsern finden Sie auf den jeweiligen Websites der Browser.<\/p>\n<\/div>\n<\/div>\n<\/div>\n<div class=\"fl-module fl-module-heading fl-node-60c9da9f8a47c fl-animation fl-fade-in fl-animated\" data-node=\"60c9da9f8a47c\" data-animation-delay=\"0\" data-animation-duration=\"1\">\n<div class=\"fl-module-content fl-node-content\">\n<h2 class=\"fl-heading\"><span class=\"fl-heading-text\">Informationen f\u00fcr Kinder<\/span><\/h2>\n<\/div>\n<\/div>\n<div class=\"fl-module fl-module-rich-text fl-node-60c9daa916422 fl-animation fl-fade-in fl-animated\" data-node=\"60c9daa916422\" data-animation-delay=\"0\" data-animation-duration=\"1\">\n<div class=\"fl-module-content fl-node-content\">\n<div class=\"fl-rich-text\">\n<p>Ein weiterer Schwerpunkt unserer Arbeit ist der Schutz von Kindern bei der Nutzung des Internets. Wir ermutigen Eltern und Erziehungsberechtigte, ihre Online-Aktivit\u00e4ten zu beobachten, daran teilzunehmen und\/oder zu \u00fcberwachen und anzuleiten. Diese Website sammelt wissentlich keine personenbezogenen Daten von Kindern unter 13 Jahren. Wenn Sie glauben, dass Ihr Kind derartige Informationen auf unserer Website bereitgestellt hat, empfehlen wir Ihnen dringend, sich umgehend mit uns in Verbindung zu setzen. Wir werden unser Bestes tun, um derartige Informationen umgehend aus unseren Aufzeichnungen zu entfernen.<\/p>\n<\/div>\n<\/div>\n<\/div>\n<div class=\"fl-module fl-module-heading fl-node-60c9dab66bbaf fl-animation fl-fade-in fl-animated\" data-node=\"60c9dab66bbaf\" data-animation-delay=\"0\" data-animation-duration=\"1\">\n<div class=\"fl-module-content fl-node-content\">\n<h2 class=\"fl-heading\"><span class=\"fl-heading-text\">Nur Online-Datenschutzrichtlinie<\/span><\/h2>\n<\/div>\n<\/div>\n<div class=\"fl-module fl-module-rich-text fl-node-60c9dac1d12eb fl-animation fl-fade-in fl-animated\" data-node=\"60c9dac1d12eb\" data-animation-delay=\"0\" data-animation-duration=\"1\">\n<div class=\"fl-module-content fl-node-content\">\n<div class=\"fl-rich-text\">\n<p>Diese Datenschutzrichtlinie gilt nur f\u00fcr unsere Online-Aktivit\u00e4ten und ist f\u00fcr Besucher unserer Website in Bezug auf die Informationen g\u00fcltig, die sie auf dieser Website geteilt und\/oder gesammelt haben. Diese Richtlinie gilt nicht f\u00fcr Informationen, die offline oder \u00fcber andere Kan\u00e4le als diese Website gesammelt werden.<\/p>\n<\/div>\n<\/div>\n<\/div>\n<div class=\"fl-module fl-module-heading fl-node-60c9d9cb49553 fl-animation fl-fade-in fl-animated\" data-node=\"60c9d9cb49553\" data-animation-delay=\"0\" data-animation-duration=\"1\">\n<div class=\"fl-module-content fl-node-content\">\n<h2 class=\"fl-heading\"><span class=\"fl-heading-text\">Zustimmung<\/span><\/h2>\n<\/div>\n<\/div>\n<div class=\"fl-module fl-module-rich-text fl-node-60c9da3526aa1 fl-animation fl-fade-in fl-animated\" data-node=\"60c9da3526aa1\" data-animation-delay=\"0\" data-animation-duration=\"1\">\n<div class=\"fl-module-content fl-node-content\">\n<div class=\"fl-rich-text\">\n<p>Mit der Nutzung unserer Website erkl\u00e4ren Sie sich damit einverstanden, dass wir <a href=\"https:\/\/staging.aisuperior.com\/de\/privacy-policy\/\" target=\"_blank\" rel=\"noopener\">Datenschutzrichtlinie<\/a>.<br><\/p>\n<\/div>\n<\/div>\n<\/div>\t\t\t\t\t\t<\/div>\n\t\t\t\t<\/div>\n\t\t\t\t\t<\/div>\n\t\t<\/div>\n\t\t\t\t\t<\/div>\n\t\t<\/section>\n\t\t\t\t<\/div>","protected":false},"excerpt":{"rendered":"<p>Datenschutzrichtlinie Diese Datenschutzrichtlinie gilt f\u00fcr das Online-Angebot der AI Superior GmbH, das unter staging.aisuperior.com erreichbar ist (nachfolgend \u201ediese Website\u201c genannt). Auf dieser Website ist die Privatsph\u00e4re unserer Besucher eine unserer Hauptpriorit\u00e4ten. Dieses Datenschutzdokument enth\u00e4lt Arten von Informationen, die von dieser Website gesammelt und aufgezeichnet werden und [\u2026]<\/p>","protected":false},"author":2,"featured_media":0,"parent":0,"menu_order":0,"comment_status":"closed","ping_status":"open","template":"elementor_header_footer","meta":{"inline_featured_image":false,"site-sidebar-layout":"default","site-content-layout":"","ast-site-content-layout":"default","site-content-style":"default","site-sidebar-style":"default","ast-global-header-display":"","ast-banner-title-visibility":"","ast-main-header-display":"","ast-hfb-above-header-display":"","ast-hfb-below-header-display":"","ast-hfb-mobile-header-display":"","site-post-title":"","ast-breadcrumbs-content":"","ast-featured-img":"","footer-sml-layout":"","theme-transparent-header-meta":"default","adv-header-id-meta":"","stick-header-meta":"","header-above-stick-meta":"","header-main-stick-meta":"","header-below-stick-meta":"","astra-migrate-meta-layouts":"set","ast-page-background-enabled":"default","ast-page-background-meta":{"desktop":{"background-color":"var(--ast-global-color-4)","background-image":"","background-repeat":"repeat","background-position":"center center","background-size":"auto","background-attachment":"scroll","background-type":"","background-media":"","overlay-type":"","overlay-color":"","overlay-gradient":""},"tablet":{"background-color":"","background-image":"","background-repeat":"repeat","background-position":"center center","background-size":"auto","background-attachment":"scroll","background-type":"","background-media":"","overlay-type":"","overlay-color":"","overlay-gradient":""},"mobile":{"background-color":"","background-image":"","background-repeat":"repeat","background-position":"center center","background-size":"auto","background-attachment":"scroll","background-type":"","background-media":"","overlay-type":"","overlay-color":"","overlay-gradient":""}},"ast-content-background-meta":{"desktop":{"background-color":"var(--ast-global-color-5)","background-image":"","background-repeat":"repeat","background-position":"center center","background-size":"auto","background-attachment":"scroll","background-type":"","background-media":"","overlay-type":"","overlay-color":"","overlay-gradient":""},"tablet":{"background-color":"var(--ast-global-color-5)","background-image":"","background-repeat":"repeat","background-position":"center center","background-size":"auto","background-attachment":"scroll","background-type":"","background-media":"","overlay-type":"","overlay-color":"","overlay-gradient":""},"mobile":{"background-color":"var(--ast-global-color-5)","background-image":"","background-repeat":"repeat","background-position":"center center","background-size":"auto","background-attachment":"scroll","background-type":"","background-media":"","overlay-type":"","overlay-color":"","overlay-gradient":""}},"footnotes":""},"acf":[],"yoast_head":"<!-- This site is optimized with the Yoast SEO plugin v21.9.1 - https:\/\/yoast.com\/wordpress\/plugins\/seo\/ -->\n<title>Privacy Policy | Ai Superior<\/title>\n<meta name=\"description\" content=\"The privacy policy applies to the services we provide. Make sure to go through terms and conditions about the information we collect, use, or share.\" \/>\n<meta name=\"robots\" content=\"noindex, follow, max-snippet:-1, max-image-preview:large, max-video-preview:-1\" \/>\n<meta property=\"og:locale\" content=\"de_DE\" \/>\n<meta property=\"og:type\" content=\"article\" \/>\n<meta property=\"og:title\" content=\"Privacy Policy | Ai Superior\" \/>\n<meta property=\"og:description\" content=\"The privacy policy applies to the services we provide. Make sure to go through terms and conditions about the information we collect, use, or share.\" \/>\n<meta property=\"og:url\" content=\"https:\/\/staging.aisuperior.com\/de\/privacy-policy\/\" \/>\n<meta property=\"og:site_name\" content=\"aisuperior\" \/>\n<meta property=\"article:modified_time\" content=\"2023-12-05T14:56:13+00:00\" \/>\n<meta name=\"twitter:card\" content=\"summary_large_image\" \/>\n<meta name=\"twitter:label1\" content=\"Gesch\u00e4tzte Lesezeit\" \/>\n\t<meta name=\"twitter:data1\" content=\"3\u00a0Minuten\" \/>\n<script type=\"application\/ld+json\" class=\"yoast-schema-graph\">{\"@context\":\"https:\/\/schema.org\",\"@graph\":[{\"@type\":\"WebPage\",\"@id\":\"https:\/\/staging.aisuperior.com\/privacy-policy\/\",\"url\":\"https:\/\/staging.aisuperior.com\/privacy-policy\/\",\"name\":\"Privacy Policy | Ai Superior\",\"isPartOf\":{\"@id\":\"https:\/\/staging.aisuperior.com\/#website\"},\"datePublished\":\"2023-08-18T04:36:35+00:00\",\"dateModified\":\"2023-12-05T14:56:13+00:00\",\"description\":\"The privacy policy applies to the services we provide. Make sure to go through terms and conditions about the information we collect, use, or share.\",\"breadcrumb\":{\"@id\":\"https:\/\/staging.aisuperior.com\/privacy-policy\/#breadcrumb\"},\"inLanguage\":\"de\",\"potentialAction\":[{\"@type\":\"ReadAction\",\"target\":[\"https:\/\/staging.aisuperior.com\/privacy-policy\/\"]}]},{\"@type\":\"BreadcrumbList\",\"@id\":\"https:\/\/staging.aisuperior.com\/privacy-policy\/#breadcrumb\",\"itemListElement\":[{\"@type\":\"ListItem\",\"position\":1,\"name\":\"Home\",\"item\":\"https:\/\/staging.aisuperior.com\/\"},{\"@type\":\"ListItem\",\"position\":2,\"name\":\"Privacy Policy\"}]},{\"@type\":\"WebSite\",\"@id\":\"https:\/\/staging.aisuperior.com\/#website\",\"url\":\"https:\/\/staging.aisuperior.com\/\",\"name\":\"aisuperior\",\"description\":\"\",\"potentialAction\":[{\"@type\":\"SearchAction\",\"target\":{\"@type\":\"EntryPoint\",\"urlTemplate\":\"https:\/\/staging.aisuperior.com\/?s={search_term_string}\"},\"query-input\":\"required name=search_term_string\"}],\"inLanguage\":\"de\"}]}<\/script>\n<!-- \/ Yoast SEO plugin. -->","yoast_head_json":{"title":"Privacy Policy | Ai Superior","description":"The privacy policy applies to the services we provide. Make sure to go through terms and conditions about the information we collect, use, or share.","robots":{"index":"noindex","follow":"follow","max-snippet":"max-snippet:-1","max-image-preview":"max-image-preview:large","max-video-preview":"max-video-preview:-1"},"og_locale":"de_DE","og_type":"article","og_title":"Privacy Policy | Ai Superior","og_description":"The privacy policy applies to the services we provide. Make sure to go through terms and conditions about the information we collect, use, or share.","og_url":"https:\/\/staging.aisuperior.com\/de\/privacy-policy\/","og_site_name":"aisuperior","article_modified_time":"2023-12-05T14:56:13+00:00","twitter_card":"summary_large_image","twitter_misc":{"Gesch\u00e4tzte Lesezeit":"3\u00a0Minuten"},"schema":{"@context":"https:\/\/schema.org","@graph":[{"@type":"WebPage","@id":"https:\/\/staging.aisuperior.com\/privacy-policy\/","url":"https:\/\/staging.aisuperior.com\/privacy-policy\/","name":"Privacy Policy | Ai Superior","isPartOf":{"@id":"https:\/\/staging.aisuperior.com\/#website"},"datePublished":"2023-08-18T04:36:35+00:00","dateModified":"2023-12-05T14:56:13+00:00","description":"The privacy policy applies to the services we provide. Make sure to go through terms and conditions about the information we collect, use, or share.","breadcrumb":{"@id":"https:\/\/staging.aisuperior.com\/privacy-policy\/#breadcrumb"},"inLanguage":"de","potentialAction":[{"@type":"ReadAction","target":["https:\/\/staging.aisuperior.com\/privacy-policy\/"]}]},{"@type":"BreadcrumbList","@id":"https:\/\/staging.aisuperior.com\/privacy-policy\/#breadcrumb","itemListElement":[{"@type":"ListItem","position":1,"name":"Home","item":"https:\/\/staging.aisuperior.com\/"},{"@type":"ListItem","position":2,"name":"Privacy Policy"}]},{"@type":"WebSite","@id":"https:\/\/staging.aisuperior.com\/#website","url":"https:\/\/staging.aisuperior.com\/","name":"aisuperior","description":"","potentialAction":[{"@type":"SearchAction","target":{"@type":"EntryPoint","urlTemplate":"https:\/\/staging.aisuperior.com\/?s={search_term_string}"},"query-input":"required name=search_term_string"}],"inLanguage":"de"}]}},"_links":{"self":[{"href":"https:\/\/staging.aisuperior.com\/de\/wp-json\/wp\/v2\/pages\/3"}],"collection":[{"href":"https:\/\/staging.aisuperior.com\/de\/wp-json\/wp\/v2\/pages"}],"about":[{"href":"https:\/\/staging.aisuperior.com\/de\/wp-json\/wp\/v2\/types\/page"}],"author":[{"embeddable":true,"href":"https:\/\/staging.aisuperior.com\/de\/wp-json\/wp\/v2\/users\/2"}],"replies":[{"embeddable":true,"href":"https:\/\/staging.aisuperior.com\/de\/wp-json\/wp\/v2\/comments?post=3"}],"version-history":[{"count":5,"href":"https:\/\/staging.aisuperior.com\/de\/wp-json\/wp\/v2\/pages\/3\/revisions"}],"predecessor-version":[{"id":15857,"href":"https:\/\/staging.aisuperior.com\/de\/wp-json\/wp\/v2\/pages\/3\/revisions\/15857"}],"wp:attachment":[{"href":"https:\/\/staging.aisuperior.com\/de\/wp-json\/wp\/v2\/media?parent=3"}],"curies":[{"name":"wp","href":"https:\/\/api.w.org\/{rel}","templated":true}]}}