{"id":11845,"date":"2023-09-26T07:21:02","date_gmt":"2023-09-26T07:21:02","guid":{"rendered":"https:\/\/projectsofar.info\/aisuperior\/?page_id=11845"},"modified":"2023-12-05T12:55:49","modified_gmt":"2023-12-05T12:55:49","slug":"imprint","status":"publish","type":"page","link":"https:\/\/staging.aisuperior.com\/de\/imprint\/","title":{"rendered":"Impressum"},"content":{"rendered":"<div data-elementor-type=\"wp-page\" data-elementor-id=\"11845\" class=\"elementor elementor-11845\" data-elementor-post-type=\"page\">\n\t\t\t\t\t\t<section class=\"elementor-section elementor-top-section elementor-element elementor-element-87935ac elementor-section-boxed elementor-section-height-default elementor-section-height-default\" data-id=\"87935ac\" data-element_type=\"section\" data-settings=\"{&quot;background_background&quot;:&quot;classic&quot;}\">\n\t\t\t\t\t\t<div class=\"elementor-container elementor-column-gap-default\">\n\t\t\t\t\t<div class=\"elementor-column elementor-col-100 elementor-top-column elementor-element elementor-element-6402d4a\" data-id=\"6402d4a\" data-element_type=\"column\">\n\t\t\t<div class=\"elementor-widget-wrap elementor-element-populated\">\n\t\t\t\t\t\t<div class=\"elementor-element elementor-element-ca135e5 elementor-widget elementor-widget-heading\" data-id=\"ca135e5\" data-element_type=\"widget\" data-widget_type=\"heading.default\">\n\t\t\t\t<div class=\"elementor-widget-container\">\n\t\t\t<style>\/*! elementor - v3.19.0 - 29-01-2024 *\/\n.elementor-heading-title{padding:0;margin:0;line-height:1}.elementor-widget-heading .elementor-heading-title[class*=elementor-size-]>a{color:inherit;font-size:inherit;line-height:inherit}.elementor-widget-heading .elementor-heading-title.elementor-size-small{font-size:15px}.elementor-widget-heading .elementor-heading-title.elementor-size-medium{font-size:19px}.elementor-widget-heading .elementor-heading-title.elementor-size-large{font-size:29px}.elementor-widget-heading .elementor-heading-title.elementor-size-xl{font-size:39px}.elementor-widget-heading .elementor-heading-title.elementor-size-xxl{font-size:59px}<\/style><h1 class=\"elementor-heading-title elementor-size-default\">Impressum<\/h1>\t\t<\/div>\n\t\t\t\t<\/div>\n\t\t\t\t<div class=\"elementor-element elementor-element-5fd0771 elementor-icon-list--layout-inline elementor-align-center elementor-list-item-link-full_width elementor-widget elementor-widget-icon-list\" data-id=\"5fd0771\" data-element_type=\"widget\" data-widget_type=\"icon-list.default\">\n\t\t\t\t<div class=\"elementor-widget-container\">\n\t\t\t<link rel=\"stylesheet\" href=\"https:\/\/staging.aisuperior.com\/wp-content\/plugins\/elementor\/assets\/css\/widget-icon-list.min.css\">\t\t<ul class=\"elementor-icon-list-items elementor-inline-items\">\n\t\t\t\t\t\t\t<li class=\"elementor-icon-list-item elementor-inline-item\">\n\t\t\t\t\t\t\t\t\t\t\t<a href=\"tel: 49 159 022 460 90\">\n\n\t\t\t\t\t\t\t\t\t\t\t\t<span class=\"elementor-icon-list-icon\">\n\t\t\t\t\t\t\t<i aria-hidden=\"true\" class=\"fas fa-phone-alt\"><\/i>\t\t\t\t\t\t<\/span>\n\t\t\t\t\t\t\t\t\t\t<span class=\"elementor-icon-list-text\">+49 (0) 6151 39 438 74<\/span>\n\t\t\t\t\t\t\t\t\t\t\t<\/a>\n\t\t\t\t\t\t\t\t\t<\/li>\n\t\t\t\t\t\t\t\t<li class=\"elementor-icon-list-item elementor-inline-item\">\n\t\t\t\t\t\t\t\t\t\t\t<a href=\"mailto:info@staging.aisuperior.com\">\n\n\t\t\t\t\t\t\t\t\t\t\t\t<span class=\"elementor-icon-list-icon\">\n\t\t\t\t\t\t\t<i aria-hidden=\"true\" class=\"fas fa-envelope\"><\/i>\t\t\t\t\t\t<\/span>\n\t\t\t\t\t\t\t\t\t\t<span class=\"elementor-icon-list-text\">info@staging.aisuperior.com<\/span>\n\t\t\t\t\t\t\t\t\t\t\t<\/a>\n\t\t\t\t\t\t\t\t\t<\/li>\n\t\t\t\t\t\t\t\t<li class=\"elementor-icon-list-item elementor-inline-item\">\n\t\t\t\t\t\t\t\t\t\t\t<span class=\"elementor-icon-list-icon\">\n\t\t\t\t\t\t\t<i aria-hidden=\"true\" class=\"fas fa-map-marker-alt\"><\/i>\t\t\t\t\t\t<\/span>\n\t\t\t\t\t\t\t\t\t\t<span class=\"elementor-icon-list-text\">Robert-Bosch-Str. 7, 64293 Darmstadt<\/span>\n\t\t\t\t\t\t\t\t\t<\/li>\n\t\t\t\t\t\t<\/ul>\n\t\t\t\t<\/div>\n\t\t\t\t<\/div>\n\t\t\t\t\t<\/div>\n\t\t<\/div>\n\t\t\t\t\t<\/div>\n\t\t<\/section>\n\t\t\t\t<section class=\"elementor-section elementor-top-section elementor-element elementor-element-4abaa43e elementor-section-boxed elementor-section-height-default elementor-section-height-default\" data-id=\"4abaa43e\" data-element_type=\"section\">\n\t\t\t\t\t\t<div class=\"elementor-container elementor-column-gap-default\">\n\t\t\t\t\t<div class=\"elementor-column elementor-col-100 elementor-top-column elementor-element elementor-element-3de1eb2a\" data-id=\"3de1eb2a\" data-element_type=\"column\">\n\t\t\t<div class=\"elementor-widget-wrap elementor-element-populated\">\n\t\t\t\t\t\t<div class=\"elementor-element elementor-element-757c5096 privacy-policy-content elementor-widget elementor-widget-text-editor\" data-id=\"757c5096\" data-element_type=\"widget\" data-widget_type=\"text-editor.default\">\n\t\t\t\t<div class=\"elementor-widget-container\">\n\t\t\t<style>\/*! elementor - v3.19.0 - 29-01-2024 *\/\n.elementor-widget-text-editor.elementor-drop-cap-view-stacked .elementor-drop-cap{background-color:#69727d;color:#fff}.elementor-widget-text-editor.elementor-drop-cap-view-framed .elementor-drop-cap{color:#69727d;border:3px solid;background-color:transparent}.elementor-widget-text-editor:not(.elementor-drop-cap-view-default) .elementor-drop-cap{margin-top:8px}.elementor-widget-text-editor:not(.elementor-drop-cap-view-default) .elementor-drop-cap-letter{width:1em;height:1em}.elementor-widget-text-editor .elementor-drop-cap{float:left;text-align:center;line-height:1;font-size:50px}.elementor-widget-text-editor .elementor-drop-cap-letter{display:inline-block}<\/style>\t\t\t\t<div class=\"fl-module fl-module-heading fl-node-60c9da22eae4d fl-animation fl-fade-in fl-animated\" data-node=\"60c9da22eae4d\" data-animation-delay=\"0\" data-animation-duration=\"1\"><div class=\"fl-module-content fl-node-content\"><div class=\"fl-col-group fl-node-60c9df987ac41\" data-node=\"60c9df987ac41\"><div class=\"fl-col fl-node-60c9df987ae41 fl-animation fl-fade-in fl-animated\" data-node=\"60c9df987ae41\" data-animation-delay=\"0\" data-animation-duration=\"1\"><div class=\"fl-col-content fl-node-content\"><div class=\"fl-module fl-module-heading fl-node-60c9df9870b33\" data-node=\"60c9df9870b33\"><div class=\"fl-module-content fl-node-content\"><h2 class=\"fl-heading\"><span class=\"fl-heading-text\">Haftungsausschluss<\/span><\/h2><\/div><\/div><\/div><\/div><\/div><div class=\"fl-col-group fl-node-60c9dfc8e82d3\" data-node=\"60c9dfc8e82d3\"><div class=\"fl-col fl-node-60c9dfc8e842e fl-animation fl-fade-in fl-animated\" data-node=\"60c9dfc8e842e\" data-animation-delay=\"0\" data-animation-duration=\"1\"><div class=\"fl-col-content fl-node-content\"><div class=\"fl-module fl-module-heading fl-node-60c9e01066f2d\" data-node=\"60c9e01066f2d\"><div class=\"fl-module-content fl-node-content\"><h3 class=\"fl-heading\"><span class=\"fl-heading-text\">Haftung f\u00fcr Inhalte<\/span><\/h3><\/div><\/div><div class=\"fl-module fl-module-rich-text fl-node-60c9e01b74041\" data-node=\"60c9e01b74041\"><div class=\"fl-module-content fl-node-content\"><div class=\"fl-rich-text\"><p>Die Inhalte unserer Seiten wurden mit gr\u00f6\u00dfter Sorgfalt erstellt. F\u00fcr die Richtigkeit, Vollst\u00e4ndigkeit und Aktualit\u00e4t der Inhalte k\u00f6nnen wir jedoch keine Gew\u00e4hr \u00fcbernehmen. Als Diensteanbieter sind wir gem\u00e4\u00df \u00a7\u00a7 8 bis 10 TMG f\u00fcr eigene Inhalte auf diesen Seiten nach den allgemeinen Gesetzen verantwortlich. Nach \u00a7\u00a7 8 bis 10 TMG sind wir als Diensteanbieter jedoch nicht verpflichtet, \u00fcbermittelte oder gespeicherte fremde Informationen zu \u00fcberwachen oder nach Umst\u00e4nden zu forschen, die auf eine rechtswidrige T\u00e4tigkeit hinweisen. Verpflichtungen zur Entfernung oder Sperrung der Nutzung von Informationen nach den allgemeinen Gesetzen bleiben hiervon unber\u00fchrt.<\/p><\/div><\/div><\/div><div class=\"fl-module fl-module-heading fl-node-60c9e028e894b\" data-node=\"60c9e028e894b\"><div class=\"fl-module-content fl-node-content\"><h3 class=\"fl-heading\"><span class=\"fl-heading-text\">Haftung f\u00fcr Links<\/span><\/h3><\/div><\/div><div class=\"fl-module fl-module-rich-text fl-node-60c9e03b885f0\" data-node=\"60c9e03b885f0\"><div class=\"fl-module-content fl-node-content\"><div class=\"fl-rich-text\"><p>F\u00fcr den Inhalt externer Links (zu Webseiten Dritter) sind ausschlie\u00dflich deren Betreiber verantwortlich. Zum Zeitpunkt der Verlinkung waren f\u00fcr uns keine Rechtsverst\u00f6\u00dfe erkennbar. Sollte uns eine Rechtsverletzung bekannt werden, werden wir den jeweiligen Link umgehend entfernen.<\/p><\/div><\/div><\/div><div class=\"fl-module fl-module-heading fl-node-60c9dfc8e8234\" data-node=\"60c9dfc8e8234\"><div class=\"fl-module-content fl-node-content\"><h3 class=\"fl-heading\"><span class=\"fl-heading-text\">Urheberrechte \u00a9<\/span><\/h3><\/div><\/div><div class=\"fl-module fl-module-rich-text fl-node-60c9dfe5bb1cc\" data-node=\"60c9dfe5bb1cc\"><div class=\"fl-module-content fl-node-content\"><div class=\"fl-rich-text\"><p>Unsere Webseiten und deren Inhalte unterliegen dem deutschen Urheberrecht. Sofern gesetzlich nicht ausdr\u00fccklich gestattet, bedarf jede Form der Nutzung, Vervielf\u00e4ltigung oder Bearbeitung urheberrechtlich gesch\u00fctzter Werke auf unseren Webseiten der vorherigen Zustimmung des jeweiligen Rechteinhabers. Einzelne Reproduktionen eines Werkes sind nur f\u00fcr den privaten Gebrauch gestattet. Die Materialien auf diesen Seiten sind urheberrechtlich gesch\u00fctzt und jede unbefugte Verwendung kann gegen Urheberrechte versto\u00dfen.<\/p><\/div><\/div><\/div><div class=\"fl-module fl-module-html fl-node-60c9e070bf186\" data-node=\"60c9e070bf186\"><div class=\"fl-module-content fl-node-content\"><div class=\"fl-html\"><div class=\"respresented\"><h4>Vertreten durch<\/h4><p>Sergej Suchanow, Iwan Tankojew<\/p><\/div><\/div><\/div><\/div><div class=\"fl-module fl-module-rich-text fl-node-60c9e1f5d6bd3\" data-node=\"60c9e1f5d6bd3\"><div class=\"fl-module-content fl-node-content\"><div class=\"fl-rich-text\"><p>AI Superior GmbH<\/p><\/div><\/div><\/div><div class=\"fl-module fl-module-rich-text fl-node-60c9e200e5c59\" data-node=\"60c9e200e5c59\"><div class=\"fl-module-content fl-node-content\"><div class=\"fl-rich-text\"><p>Eintragung im Handelsregister<br \/>Registernummer: HRB99717<br \/>Registergericht: Amtsgericht Darmstadt<br \/>Umsatzsteuer-Identifikationsnummer: DE326790062<\/p><\/div><\/div><\/div><\/div><\/div><\/div><\/div><\/div>\t\t\t\t\t\t<\/div>\n\t\t\t\t<\/div>\n\t\t\t\t\t<\/div>\n\t\t<\/div>\n\t\t\t\t\t<\/div>\n\t\t<\/section>\n\t\t\t\t<\/div>","protected":false},"excerpt":{"rendered":"<p>Impressum +49 (0) 6151 39 438 74 info@staging.aisuperior.com Robert-Bosch-Str. 7, 64293 Darmstadt, Deutschland Haftungsausschluss Haftung f\u00fcr Inhalte Die Inhalte unserer Seiten wurden mit gr\u00f6\u00dfter Sorgfalt erstellt. F\u00fcr die Richtigkeit, Vollst\u00e4ndigkeit und Aktualit\u00e4t der Inhalte k\u00f6nnen wir jedoch keine Gew\u00e4hr \u00fcbernehmen. Als Diensteanbieter sind wir gem\u00e4\u00df \u00a7 7 Abs.1 TMG f\u00fcr eigene Inhalte auf diesen Seiten nach den allgemeinen Gesetzen verantwortlich. [\u2026]<\/p>","protected":false},"author":2,"featured_media":0,"parent":0,"menu_order":0,"comment_status":"closed","ping_status":"closed","template":"elementor_header_footer","meta":{"inline_featured_image":false,"site-sidebar-layout":"default","site-content-layout":"","ast-site-content-layout":"default","site-content-style":"default","site-sidebar-style":"default","ast-global-header-display":"","ast-banner-title-visibility":"","ast-main-header-display":"","ast-hfb-above-header-display":"","ast-hfb-below-header-display":"","ast-hfb-mobile-header-display":"","site-post-title":"","ast-breadcrumbs-content":"","ast-featured-img":"","footer-sml-layout":"","theme-transparent-header-meta":"default","adv-header-id-meta":"","stick-header-meta":"","header-above-stick-meta":"","header-main-stick-meta":"","header-below-stick-meta":"","astra-migrate-meta-layouts":"set","ast-page-background-enabled":"default","ast-page-background-meta":{"desktop":{"background-color":"var(--ast-global-color-4)","background-image":"","background-repeat":"repeat","background-position":"center center","background-size":"auto","background-attachment":"scroll","background-type":"","background-media":"","overlay-type":"","overlay-color":"","overlay-gradient":""},"tablet":{"background-color":"","background-image":"","background-repeat":"repeat","background-position":"center center","background-size":"auto","background-attachment":"scroll","background-type":"","background-media":"","overlay-type":"","overlay-color":"","overlay-gradient":""},"mobile":{"background-color":"","background-image":"","background-repeat":"repeat","background-position":"center center","background-size":"auto","background-attachment":"scroll","background-type":"","background-media":"","overlay-type":"","overlay-color":"","overlay-gradient":""}},"ast-content-background-meta":{"desktop":{"background-color":"var(--ast-global-color-5)","background-image":"","background-repeat":"repeat","background-position":"center center","background-size":"auto","background-attachment":"scroll","background-type":"","background-media":"","overlay-type":"","overlay-color":"","overlay-gradient":""},"tablet":{"background-color":"var(--ast-global-color-5)","background-image":"","background-repeat":"repeat","background-position":"center center","background-size":"auto","background-attachment":"scroll","background-type":"","background-media":"","overlay-type":"","overlay-color":"","overlay-gradient":""},"mobile":{"background-color":"var(--ast-global-color-5)","background-image":"","background-repeat":"repeat","background-position":"center center","background-size":"auto","background-attachment":"scroll","background-type":"","background-media":"","overlay-type":"","overlay-color":"","overlay-gradient":""}},"footnotes":""},"acf":[],"yoast_head":"<!-- This site is optimized with the Yoast SEO plugin v21.9.1 - https:\/\/yoast.com\/wordpress\/plugins\/seo\/ -->\n<title>Imprint | Ai Superior<\/title>\n<meta name=\"description\" content=\"We take really great care in obeying laws! However, we cannot take responsibility for damages caused by using information from our website.\" \/>\n<meta name=\"robots\" content=\"noindex, follow, max-snippet:-1, max-image-preview:large, max-video-preview:-1\" \/>\n<meta property=\"og:locale\" content=\"de_DE\" \/>\n<meta property=\"og:type\" content=\"article\" \/>\n<meta property=\"og:title\" content=\"Imprint | Ai Superior\" \/>\n<meta property=\"og:description\" content=\"We take really great care in obeying laws! However, we cannot take responsibility for damages caused by using information from our website.\" \/>\n<meta property=\"og:url\" content=\"https:\/\/staging.aisuperior.com\/de\/imprint\/\" \/>\n<meta property=\"og:site_name\" content=\"aisuperior\" \/>\n<meta property=\"article:modified_time\" content=\"2023-12-05T12:55:49+00:00\" \/>\n<meta name=\"twitter:card\" content=\"summary_large_image\" \/>\n<meta name=\"twitter:label1\" content=\"Gesch\u00e4tzte Lesezeit\" \/>\n\t<meta name=\"twitter:data1\" content=\"2\u00a0Minuten\" \/>\n<script type=\"application\/ld+json\" class=\"yoast-schema-graph\">{\"@context\":\"https:\/\/schema.org\",\"@graph\":[{\"@type\":\"WebPage\",\"@id\":\"https:\/\/staging.aisuperior.com\/imprint\/\",\"url\":\"https:\/\/staging.aisuperior.com\/imprint\/\",\"name\":\"Imprint | Ai Superior\",\"isPartOf\":{\"@id\":\"https:\/\/staging.aisuperior.com\/#website\"},\"datePublished\":\"2023-09-26T07:21:02+00:00\",\"dateModified\":\"2023-12-05T12:55:49+00:00\",\"description\":\"We take really great care in obeying laws! However, we cannot take responsibility for damages caused by using information from our website.\",\"breadcrumb\":{\"@id\":\"https:\/\/staging.aisuperior.com\/imprint\/#breadcrumb\"},\"inLanguage\":\"de\",\"potentialAction\":[{\"@type\":\"ReadAction\",\"target\":[\"https:\/\/staging.aisuperior.com\/imprint\/\"]}]},{\"@type\":\"BreadcrumbList\",\"@id\":\"https:\/\/staging.aisuperior.com\/imprint\/#breadcrumb\",\"itemListElement\":[{\"@type\":\"ListItem\",\"position\":1,\"name\":\"Home\",\"item\":\"https:\/\/staging.aisuperior.com\/\"},{\"@type\":\"ListItem\",\"position\":2,\"name\":\"Imprint\"}]},{\"@type\":\"WebSite\",\"@id\":\"https:\/\/staging.aisuperior.com\/#website\",\"url\":\"https:\/\/staging.aisuperior.com\/\",\"name\":\"aisuperior\",\"description\":\"\",\"potentialAction\":[{\"@type\":\"SearchAction\",\"target\":{\"@type\":\"EntryPoint\",\"urlTemplate\":\"https:\/\/staging.aisuperior.com\/?s={search_term_string}\"},\"query-input\":\"required name=search_term_string\"}],\"inLanguage\":\"de\"}]}<\/script>\n<!-- \/ Yoast SEO plugin. -->","yoast_head_json":{"title":"Imprint | Ai Superior","description":"We take really great care in obeying laws! However, we cannot take responsibility for damages caused by using information from our website.","robots":{"index":"noindex","follow":"follow","max-snippet":"max-snippet:-1","max-image-preview":"max-image-preview:large","max-video-preview":"max-video-preview:-1"},"og_locale":"de_DE","og_type":"article","og_title":"Imprint | Ai Superior","og_description":"We take really great care in obeying laws! However, we cannot take responsibility for damages caused by using information from our website.","og_url":"https:\/\/staging.aisuperior.com\/de\/imprint\/","og_site_name":"aisuperior","article_modified_time":"2023-12-05T12:55:49+00:00","twitter_card":"summary_large_image","twitter_misc":{"Gesch\u00e4tzte Lesezeit":"2\u00a0Minuten"},"schema":{"@context":"https:\/\/schema.org","@graph":[{"@type":"WebPage","@id":"https:\/\/staging.aisuperior.com\/imprint\/","url":"https:\/\/staging.aisuperior.com\/imprint\/","name":"Imprint | Ai Superior","isPartOf":{"@id":"https:\/\/staging.aisuperior.com\/#website"},"datePublished":"2023-09-26T07:21:02+00:00","dateModified":"2023-12-05T12:55:49+00:00","description":"We take really great care in obeying laws! However, we cannot take responsibility for damages caused by using information from our website.","breadcrumb":{"@id":"https:\/\/staging.aisuperior.com\/imprint\/#breadcrumb"},"inLanguage":"de","potentialAction":[{"@type":"ReadAction","target":["https:\/\/staging.aisuperior.com\/imprint\/"]}]},{"@type":"BreadcrumbList","@id":"https:\/\/staging.aisuperior.com\/imprint\/#breadcrumb","itemListElement":[{"@type":"ListItem","position":1,"name":"Home","item":"https:\/\/staging.aisuperior.com\/"},{"@type":"ListItem","position":2,"name":"Imprint"}]},{"@type":"WebSite","@id":"https:\/\/staging.aisuperior.com\/#website","url":"https:\/\/staging.aisuperior.com\/","name":"aisuperior","description":"","potentialAction":[{"@type":"SearchAction","target":{"@type":"EntryPoint","urlTemplate":"https:\/\/staging.aisuperior.com\/?s={search_term_string}"},"query-input":"required name=search_term_string"}],"inLanguage":"de"}]}},"_links":{"self":[{"href":"https:\/\/staging.aisuperior.com\/de\/wp-json\/wp\/v2\/pages\/11845"}],"collection":[{"href":"https:\/\/staging.aisuperior.com\/de\/wp-json\/wp\/v2\/pages"}],"about":[{"href":"https:\/\/staging.aisuperior.com\/de\/wp-json\/wp\/v2\/types\/page"}],"author":[{"embeddable":true,"href":"https:\/\/staging.aisuperior.com\/de\/wp-json\/wp\/v2\/users\/2"}],"replies":[{"embeddable":true,"href":"https:\/\/staging.aisuperior.com\/de\/wp-json\/wp\/v2\/comments?post=11845"}],"version-history":[{"count":5,"href":"https:\/\/staging.aisuperior.com\/de\/wp-json\/wp\/v2\/pages\/11845\/revisions"}],"predecessor-version":[{"id":15854,"href":"https:\/\/staging.aisuperior.com\/de\/wp-json\/wp\/v2\/pages\/11845\/revisions\/15854"}],"wp:attachment":[{"href":"https:\/\/staging.aisuperior.com\/de\/wp-json\/wp\/v2\/media?parent=11845"}],"curies":[{"name":"wp","href":"https:\/\/api.w.org\/{rel}","templated":true}]}}