{"id":11832,"date":"2023-09-26T07:09:14","date_gmt":"2023-09-26T07:09:14","guid":{"rendered":"https:\/\/projectsofar.info\/aisuperior\/?page_id=11832"},"modified":"2023-12-06T05:05:00","modified_gmt":"2023-12-06T05:05:00","slug":"data-privacy","status":"publish","type":"page","link":"https:\/\/staging.aisuperior.com\/de\/data-privacy\/","title":{"rendered":"Daten und Datenschutz"},"content":{"rendered":"<div data-elementor-type=\"wp-page\" data-elementor-id=\"11832\" class=\"elementor elementor-11832\" data-elementor-post-type=\"page\">\n\t\t\t\t\t\t<section class=\"elementor-section elementor-top-section elementor-element elementor-element-87935ac elementor-section-boxed elementor-section-height-default elementor-section-height-default\" data-id=\"87935ac\" data-element_type=\"section\" data-settings=\"{&quot;background_background&quot;:&quot;classic&quot;}\">\n\t\t\t\t\t\t<div class=\"elementor-container elementor-column-gap-default\">\n\t\t\t\t\t<div class=\"elementor-column elementor-col-100 elementor-top-column elementor-element elementor-element-6402d4a\" data-id=\"6402d4a\" data-element_type=\"column\">\n\t\t\t<div class=\"elementor-widget-wrap elementor-element-populated\">\n\t\t\t\t\t\t<div class=\"elementor-element elementor-element-ca135e5 elementor-widget elementor-widget-heading\" data-id=\"ca135e5\" data-element_type=\"widget\" data-widget_type=\"heading.default\">\n\t\t\t\t<div class=\"elementor-widget-container\">\n\t\t\t<style>\/*! elementor - v3.19.0 - 29-01-2024 *\/\n.elementor-heading-title{padding:0;margin:0;line-height:1}.elementor-widget-heading .elementor-heading-title[class*=elementor-size-]>a{color:inherit;font-size:inherit;line-height:inherit}.elementor-widget-heading .elementor-heading-title.elementor-size-small{font-size:15px}.elementor-widget-heading .elementor-heading-title.elementor-size-medium{font-size:19px}.elementor-widget-heading .elementor-heading-title.elementor-size-large{font-size:29px}.elementor-widget-heading .elementor-heading-title.elementor-size-xl{font-size:39px}.elementor-widget-heading .elementor-heading-title.elementor-size-xxl{font-size:59px}<\/style><h1 class=\"elementor-heading-title elementor-size-default\">Daten und Datenschutz<\/h1>\t\t<\/div>\n\t\t\t\t<\/div>\n\t\t\t\t\t<\/div>\n\t\t<\/div>\n\t\t\t\t\t<\/div>\n\t\t<\/section>\n\t\t\t\t<section class=\"elementor-section elementor-top-section elementor-element elementor-element-4abaa43e elementor-section-boxed elementor-section-height-default elementor-section-height-default\" data-id=\"4abaa43e\" data-element_type=\"section\">\n\t\t\t\t\t\t<div class=\"elementor-container elementor-column-gap-default\">\n\t\t\t\t\t<div class=\"elementor-column elementor-col-100 elementor-top-column elementor-element elementor-element-3de1eb2a\" data-id=\"3de1eb2a\" data-element_type=\"column\">\n\t\t\t<div class=\"elementor-widget-wrap elementor-element-populated\">\n\t\t\t\t\t\t<div class=\"elementor-element elementor-element-757c5096 privacy-policy-content elementor-widget elementor-widget-text-editor\" data-id=\"757c5096\" data-element_type=\"widget\" data-widget_type=\"text-editor.default\">\n\t\t\t\t<div class=\"elementor-widget-container\">\n\t\t\t<style>\/*! elementor - v3.19.0 - 29-01-2024 *\/\n.elementor-widget-text-editor.elementor-drop-cap-view-stacked .elementor-drop-cap{background-color:#69727d;color:#fff}.elementor-widget-text-editor.elementor-drop-cap-view-framed .elementor-drop-cap{color:#69727d;border:3px solid;background-color:transparent}.elementor-widget-text-editor:not(.elementor-drop-cap-view-default) .elementor-drop-cap{margin-top:8px}.elementor-widget-text-editor:not(.elementor-drop-cap-view-default) .elementor-drop-cap-letter{width:1em;height:1em}.elementor-widget-text-editor .elementor-drop-cap{float:left;text-align:center;line-height:1;font-size:50px}.elementor-widget-text-editor .elementor-drop-cap-letter{display:inline-block}<\/style>\t\t\t\t<div class=\"fl-module fl-module-heading fl-node-60c9da22eae4d fl-animation fl-fade-in fl-animated\" data-node=\"60c9da22eae4d\" data-animation-delay=\"0\" data-animation-duration=\"1\"><div class=\"fl-module-content fl-node-content\"><div class=\"fl-module fl-module-heading fl-node-4a9f20y3uijl\" data-node=\"4a9f20y3uijl\"><div class=\"fl-module-content fl-node-content\"><h2 class=\"fl-heading\"><span class=\"fl-heading-text\">DSGVO (Datenschutz-Grundverordnung)<\/span><\/h2><\/div><\/div><div class=\"fl-module fl-module-separator fl-node-2hgbs6wxidny fl-animation fl-fade-down fl-animated\" data-node=\"2hgbs6wxidny\" data-animation-delay=\"0\" data-animation-duration=\"1\"><div class=\"fl-module-content fl-node-content\"><div class=\"fl-separator\"><span style=\"font-size: 16px;\">\u201eDatenverarbeitung: AI Advanced entspricht der DSGVO und wird von verschiedenen Benutzern verwendet.\u201c<\/span><\/div><\/div><\/div><div class=\"fl-module fl-module-rich-text fl-node-u56yjb1hf4c2 data-privacy-editor\" data-node=\"u56yjb1hf4c2\"><div class=\"fl-module-content fl-node-content\"><div class=\"fl-rich-text\"><p>AI Superior respektiert die Privatsph\u00e4re aller Kunden, insbesondere bei der Verwendung von Daten. Alle Daten und Informationen, die in einem Projekt verwendet werden, werden korrekt in Formaten erfasst und gespeichert, die der Datenschutz-Grundverordnung (DSGVO) entsprechen.<\/p><\/div><\/div><\/div><div class=\"fl-module fl-module-heading fl-node-jn1zp8wqe6km\" data-node=\"jn1zp8wqe6km\"><div class=\"fl-module-content fl-node-content\"><h2 class=\"fl-heading\"><span class=\"fl-heading-text\">Wie wir mit Daten umgehen<\/span><\/h2><\/div><\/div><div class=\"fl-module fl-module-rich-text fl-node-0ial1ew5njqc data-privacy-editor\" data-node=\"0ial1ew5njqc\"><div class=\"fl-module-content fl-node-content\"><div class=\"fl-rich-text\"><p>Um unser Engagement zu demonstrieren, gehen wir gem\u00e4\u00df der DSGVO sorgf\u00e4ltig mit Daten um und anonymisieren sie, um den Datenschutz zu erh\u00f6hen. Alle Datenaufbereitungen werden sorgf\u00e4ltig durchgef\u00fchrt und folgen empfohlenen Richtlinien im Einklang mit globalen Standards. In Bezug auf die Datenerfassung und -verwendung erhalten alle Kunden detaillierte Gesch\u00e4ftsbedingungen, die f\u00fcr den jeweiligen Datentyp gelten.<\/p><\/div><\/div><\/div><\/div><\/div>\t\t\t\t\t\t<\/div>\n\t\t\t\t<\/div>\n\t\t\t\t<div class=\"elementor-element elementor-element-1f8d714 elementor-align-center elementor-widget elementor-widget-button\" data-id=\"1f8d714\" data-element_type=\"widget\" id=\"data-privacy\" data-widget_type=\"button.default\">\n\t\t\t\t<div class=\"elementor-widget-container\">\n\t\t\t\t\t<div class=\"elementor-button-wrapper\">\n\t\t\t<a class=\"elementor-button elementor-button-link elementor-size-sm\" href=\"#\">\n\t\t\t\t\t\t<span class=\"elementor-button-content-wrapper\">\n\t\t\t\t\t\t<span class=\"elementor-button-text\">Mehr sehen <\/span>\n\t\t<\/span>\n\t\t\t\t\t<\/a>\n\t\t<\/div>\n\t\t\t\t<\/div>\n\t\t\t\t<\/div>\n\t\t\t\t\t<\/div>\n\t\t<\/div>\n\t\t\t\t\t<\/div>\n\t\t<\/section>\n\t\t\t\t<\/div>","protected":false},"excerpt":{"rendered":"<p>Daten und Privatsph\u00e4re DSGVO (Datenschutz-Grundverordnung) \u201eDatenverarbeitung: AI Superior ist DSGVO-konform und wird von verschiedenen Kunden vertraut.\u201c AI Superior respektiert die Privatsph\u00e4re aller Kunden, insbesondere bei der Verwendung von Daten. Alle Daten und Informationen, die in einem Projekt verwendet werden, werden korrekt gesammelt und in Formaten gespeichert, die der Datenschutz-Grundverordnung entsprechen [\u2026]<\/p>","protected":false},"author":2,"featured_media":11885,"parent":0,"menu_order":0,"comment_status":"closed","ping_status":"closed","template":"elementor_header_footer","meta":{"inline_featured_image":false,"site-sidebar-layout":"default","site-content-layout":"","ast-site-content-layout":"default","site-content-style":"default","site-sidebar-style":"default","ast-global-header-display":"","ast-banner-title-visibility":"","ast-main-header-display":"","ast-hfb-above-header-display":"","ast-hfb-below-header-display":"","ast-hfb-mobile-header-display":"","site-post-title":"","ast-breadcrumbs-content":"","ast-featured-img":"","footer-sml-layout":"","theme-transparent-header-meta":"default","adv-header-id-meta":"","stick-header-meta":"","header-above-stick-meta":"","header-main-stick-meta":"","header-below-stick-meta":"","astra-migrate-meta-layouts":"set","ast-page-background-enabled":"default","ast-page-background-meta":{"desktop":{"background-color":"var(--ast-global-color-4)","background-image":"","background-repeat":"repeat","background-position":"center center","background-size":"auto","background-attachment":"scroll","background-type":"","background-media":"","overlay-type":"","overlay-color":"","overlay-gradient":""},"tablet":{"background-color":"","background-image":"","background-repeat":"repeat","background-position":"center center","background-size":"auto","background-attachment":"scroll","background-type":"","background-media":"","overlay-type":"","overlay-color":"","overlay-gradient":""},"mobile":{"background-color":"","background-image":"","background-repeat":"repeat","background-position":"center center","background-size":"auto","background-attachment":"scroll","background-type":"","background-media":"","overlay-type":"","overlay-color":"","overlay-gradient":""}},"ast-content-background-meta":{"desktop":{"background-color":"var(--ast-global-color-5)","background-image":"","background-repeat":"repeat","background-position":"center center","background-size":"auto","background-attachment":"scroll","background-type":"","background-media":"","overlay-type":"","overlay-color":"","overlay-gradient":""},"tablet":{"background-color":"var(--ast-global-color-5)","background-image":"","background-repeat":"repeat","background-position":"center center","background-size":"auto","background-attachment":"scroll","background-type":"","background-media":"","overlay-type":"","overlay-color":"","overlay-gradient":""},"mobile":{"background-color":"var(--ast-global-color-5)","background-image":"","background-repeat":"repeat","background-position":"center center","background-size":"auto","background-attachment":"scroll","background-type":"","background-media":"","overlay-type":"","overlay-color":"","overlay-gradient":""}},"footnotes":""},"acf":[],"yoast_head":"<!-- This site is optimized with the Yoast SEO plugin v21.9.1 - https:\/\/yoast.com\/wordpress\/plugins\/seo\/ -->\n<title>Data and Privacy | AI Superior<\/title>\n<meta name=\"description\" content=\"As an AI development company, AI Superior brings businesses the opportunity to reinvent their strategies and fully embrace new methods.\" \/>\n<meta name=\"robots\" content=\"noindex, follow, max-snippet:-1, max-image-preview:large, max-video-preview:-1\" \/>\n<meta property=\"og:locale\" content=\"de_DE\" \/>\n<meta property=\"og:type\" content=\"article\" \/>\n<meta property=\"og:title\" content=\"Data and Privacy | AI Superior\" \/>\n<meta property=\"og:description\" content=\"As an AI development company, AI Superior brings businesses the opportunity to reinvent their strategies and fully embrace new methods.\" \/>\n<meta property=\"og:url\" content=\"https:\/\/staging.aisuperior.com\/de\/data-privacy\/\" \/>\n<meta property=\"og:site_name\" content=\"aisuperior\" \/>\n<meta property=\"article:modified_time\" content=\"2023-12-06T05:05:00+00:00\" \/>\n<meta name=\"twitter:card\" content=\"summary_large_image\" \/>\n<meta name=\"twitter:image\" content=\"https:\/\/staging.aisuperior.com\/wp-content\/uploads\/2023\/09\/Group-2701.svg\" \/>\n<meta name=\"twitter:label1\" content=\"Gesch\u00e4tzte Lesezeit\" \/>\n\t<meta name=\"twitter:data1\" content=\"1\u00a0Minute\" \/>\n<script type=\"application\/ld+json\" class=\"yoast-schema-graph\">{\"@context\":\"https:\/\/schema.org\",\"@graph\":[{\"@type\":\"WebPage\",\"@id\":\"https:\/\/staging.aisuperior.com\/data-privacy\/\",\"url\":\"https:\/\/staging.aisuperior.com\/data-privacy\/\",\"name\":\"Data and Privacy | AI Superior\",\"isPartOf\":{\"@id\":\"https:\/\/staging.aisuperior.com\/#website\"},\"datePublished\":\"2023-09-26T07:09:14+00:00\",\"dateModified\":\"2023-12-06T05:05:00+00:00\",\"description\":\"As an AI development company, AI Superior brings businesses the opportunity to reinvent their strategies and fully embrace new methods.\",\"breadcrumb\":{\"@id\":\"https:\/\/staging.aisuperior.com\/data-privacy\/#breadcrumb\"},\"inLanguage\":\"de\",\"potentialAction\":[{\"@type\":\"ReadAction\",\"target\":[\"https:\/\/staging.aisuperior.com\/data-privacy\/\"]}]},{\"@type\":\"BreadcrumbList\",\"@id\":\"https:\/\/staging.aisuperior.com\/data-privacy\/#breadcrumb\",\"itemListElement\":[{\"@type\":\"ListItem\",\"position\":1,\"name\":\"Home\",\"item\":\"https:\/\/staging.aisuperior.com\/\"},{\"@type\":\"ListItem\",\"position\":2,\"name\":\"Data and Privacy\"}]},{\"@type\":\"WebSite\",\"@id\":\"https:\/\/staging.aisuperior.com\/#website\",\"url\":\"https:\/\/staging.aisuperior.com\/\",\"name\":\"aisuperior\",\"description\":\"\",\"potentialAction\":[{\"@type\":\"SearchAction\",\"target\":{\"@type\":\"EntryPoint\",\"urlTemplate\":\"https:\/\/staging.aisuperior.com\/?s={search_term_string}\"},\"query-input\":\"required name=search_term_string\"}],\"inLanguage\":\"de\"}]}<\/script>\n<!-- \/ Yoast SEO plugin. -->","yoast_head_json":{"title":"Data and Privacy | AI Superior","description":"As an AI development company, AI Superior brings businesses the opportunity to reinvent their strategies and fully embrace new methods.","robots":{"index":"noindex","follow":"follow","max-snippet":"max-snippet:-1","max-image-preview":"max-image-preview:large","max-video-preview":"max-video-preview:-1"},"og_locale":"de_DE","og_type":"article","og_title":"Data and Privacy | AI Superior","og_description":"As an AI development company, AI Superior brings businesses the opportunity to reinvent their strategies and fully embrace new methods.","og_url":"https:\/\/staging.aisuperior.com\/de\/data-privacy\/","og_site_name":"aisuperior","article_modified_time":"2023-12-06T05:05:00+00:00","twitter_card":"summary_large_image","twitter_image":"https:\/\/staging.aisuperior.com\/wp-content\/uploads\/2023\/09\/Group-2701.svg","twitter_misc":{"Gesch\u00e4tzte Lesezeit":"1\u00a0Minute"},"schema":{"@context":"https:\/\/schema.org","@graph":[{"@type":"WebPage","@id":"https:\/\/staging.aisuperior.com\/data-privacy\/","url":"https:\/\/staging.aisuperior.com\/data-privacy\/","name":"Data and Privacy | AI Superior","isPartOf":{"@id":"https:\/\/staging.aisuperior.com\/#website"},"datePublished":"2023-09-26T07:09:14+00:00","dateModified":"2023-12-06T05:05:00+00:00","description":"As an AI development company, AI Superior brings businesses the opportunity to reinvent their strategies and fully embrace new methods.","breadcrumb":{"@id":"https:\/\/staging.aisuperior.com\/data-privacy\/#breadcrumb"},"inLanguage":"de","potentialAction":[{"@type":"ReadAction","target":["https:\/\/staging.aisuperior.com\/data-privacy\/"]}]},{"@type":"BreadcrumbList","@id":"https:\/\/staging.aisuperior.com\/data-privacy\/#breadcrumb","itemListElement":[{"@type":"ListItem","position":1,"name":"Home","item":"https:\/\/staging.aisuperior.com\/"},{"@type":"ListItem","position":2,"name":"Data and Privacy"}]},{"@type":"WebSite","@id":"https:\/\/staging.aisuperior.com\/#website","url":"https:\/\/staging.aisuperior.com\/","name":"aisuperior","description":"","potentialAction":[{"@type":"SearchAction","target":{"@type":"EntryPoint","urlTemplate":"https:\/\/staging.aisuperior.com\/?s={search_term_string}"},"query-input":"required name=search_term_string"}],"inLanguage":"de"}]}},"_links":{"self":[{"href":"https:\/\/staging.aisuperior.com\/de\/wp-json\/wp\/v2\/pages\/11832"}],"collection":[{"href":"https:\/\/staging.aisuperior.com\/de\/wp-json\/wp\/v2\/pages"}],"about":[{"href":"https:\/\/staging.aisuperior.com\/de\/wp-json\/wp\/v2\/types\/page"}],"author":[{"embeddable":true,"href":"https:\/\/staging.aisuperior.com\/de\/wp-json\/wp\/v2\/users\/2"}],"replies":[{"embeddable":true,"href":"https:\/\/staging.aisuperior.com\/de\/wp-json\/wp\/v2\/comments?post=11832"}],"version-history":[{"count":1,"href":"https:\/\/staging.aisuperior.com\/de\/wp-json\/wp\/v2\/pages\/11832\/revisions"}],"predecessor-version":[{"id":15858,"href":"https:\/\/staging.aisuperior.com\/de\/wp-json\/wp\/v2\/pages\/11832\/revisions\/15858"}],"wp:featuredmedia":[{"embeddable":true,"href":"https:\/\/staging.aisuperior.com\/de\/wp-json\/wp\/v2\/media\/11885"}],"wp:attachment":[{"href":"https:\/\/staging.aisuperior.com\/de\/wp-json\/wp\/v2\/media?parent=11832"}],"curies":[{"name":"wp","href":"https:\/\/api.w.org\/{rel}","templated":true}]}}